{"id":3793,"date":"2025-08-06T11:41:21","date_gmt":"2025-08-06T09:41:21","guid":{"rendered":"https:\/\/maul-architekten.com\/?page_id=3793"},"modified":"2025-08-06T13:27:50","modified_gmt":"2025-08-06T11:27:50","slug":"wettbewerb-neubau-kindergarten-und-volksschule-st-georgen-am-fillmannsbach-ooe","status":"publish","type":"page","link":"https:\/\/maul-architekten.com\/?page_id=3793","title":{"rendered":"Wettbewerb Kindergarten und Volksschule &#8211; St. Georgen am Fillmannsbach"},"content":{"rendered":"<div id=\"metaslider-id-3780\" style=\"max-width: 1000px;\" class=\"ml-slider-3-107-0 metaslider metaslider-flex metaslider-3780 ml-slider ms-theme-default nav-hidden\" role=\"region\" aria-label=\"Wettbewerb Kindergarten - Volksschule - St. Georgen am Fillmannsbach\" data-height=\"667\" data-width=\"1000\">\n    <div id=\"metaslider_container_3780\">\n        <div id=\"metaslider_3780\">\n            <ul class='slides'>\n                <li style=\"display: block; width: 100%;\" class=\"slide-3782 ms-image \" aria-roledescription=\"slide\" data-date=\"2025-08-06 10:52:12\" data-filename=\"LAGEPLAN-atl-1.jpg\" data-slide-type=\"image\"><img loading=\"lazy\" decoding=\"async\" width=\"2000\" height=\"1334\" src=\"https:\/\/maul-architekten.com\/wp-content\/uploads\/2025\/08\/LAGEPLAN-atl-1.jpg\" class=\"slider-3780 slide-3782 msDefaultImage\" alt=\"\" rel=\"\" title=\"\" style=\"margin: 0 auto; width: 100%\" srcset=\"https:\/\/maul-architekten.com\/wp-content\/uploads\/2025\/08\/LAGEPLAN-atl-1.jpg 2000w, https:\/\/maul-architekten.com\/wp-content\/uploads\/2025\/08\/LAGEPLAN-atl-1-300x200.jpg 300w, https:\/\/maul-architekten.com\/wp-content\/uploads\/2025\/08\/LAGEPLAN-atl-1-700x467.jpg 700w, https:\/\/maul-architekten.com\/wp-content\/uploads\/2025\/08\/LAGEPLAN-atl-1-768x512.jpg 768w, https:\/\/maul-architekten.com\/wp-content\/uploads\/2025\/08\/LAGEPLAN-atl-1-1536x1025.jpg 1536w, https:\/\/maul-architekten.com\/wp-content\/uploads\/2025\/08\/LAGEPLAN-atl-1-192x128.jpg 192w\" sizes=\"auto, (max-width: 2000px) 100vw, 2000px\" \/><\/li>\n                <li style=\"display: none; width: 100%;\" class=\"slide-3784 ms-image \" aria-roledescription=\"slide\" data-date=\"2025-08-06 10:52:34\" data-filename=\"GRU-E0-1.jpg\" data-slide-type=\"image\"><img loading=\"lazy\" decoding=\"async\" width=\"2000\" height=\"1334\" src=\"https:\/\/maul-architekten.com\/wp-content\/uploads\/2025\/08\/GRU-E0-1.jpg\" class=\"slider-3780 slide-3784 msDefaultImage\" alt=\"\" rel=\"\" title=\"\" style=\"margin: 0 auto; width: 100%\" srcset=\"https:\/\/maul-architekten.com\/wp-content\/uploads\/2025\/08\/GRU-E0-1.jpg 2000w, https:\/\/maul-architekten.com\/wp-content\/uploads\/2025\/08\/GRU-E0-1-300x200.jpg 300w, https:\/\/maul-architekten.com\/wp-content\/uploads\/2025\/08\/GRU-E0-1-700x467.jpg 700w, https:\/\/maul-architekten.com\/wp-content\/uploads\/2025\/08\/GRU-E0-1-768x512.jpg 768w, https:\/\/maul-architekten.com\/wp-content\/uploads\/2025\/08\/GRU-E0-1-1536x1025.jpg 1536w, https:\/\/maul-architekten.com\/wp-content\/uploads\/2025\/08\/GRU-E0-1-192x128.jpg 192w\" sizes=\"auto, (max-width: 2000px) 100vw, 2000px\" \/><\/li>\n                <li style=\"display: none; width: 100%;\" class=\"slide-3786 ms-image \" aria-roledescription=\"slide\" data-date=\"2025-08-06 10:52:54\" data-filename=\"GRU-E1-1.jpg\" data-slide-type=\"image\"><img loading=\"lazy\" decoding=\"async\" width=\"2000\" height=\"1334\" src=\"https:\/\/maul-architekten.com\/wp-content\/uploads\/2025\/08\/GRU-E1-1.jpg\" class=\"slider-3780 slide-3786 msDefaultImage\" alt=\"\" rel=\"\" title=\"\" style=\"margin: 0 auto; width: 100%\" srcset=\"https:\/\/maul-architekten.com\/wp-content\/uploads\/2025\/08\/GRU-E1-1.jpg 2000w, https:\/\/maul-architekten.com\/wp-content\/uploads\/2025\/08\/GRU-E1-1-300x200.jpg 300w, https:\/\/maul-architekten.com\/wp-content\/uploads\/2025\/08\/GRU-E1-1-700x467.jpg 700w, https:\/\/maul-architekten.com\/wp-content\/uploads\/2025\/08\/GRU-E1-1-768x512.jpg 768w, https:\/\/maul-architekten.com\/wp-content\/uploads\/2025\/08\/GRU-E1-1-1536x1025.jpg 1536w, https:\/\/maul-architekten.com\/wp-content\/uploads\/2025\/08\/GRU-E1-1-192x128.jpg 192w\" sizes=\"auto, (max-width: 2000px) 100vw, 2000px\" \/><\/li>\n                <li style=\"display: none; width: 100%;\" class=\"slide-3788 ms-image \" aria-roledescription=\"slide\" data-date=\"2025-08-06 10:53:25\" data-filename=\"ANSICHT.jpg\" data-slide-type=\"image\"><img loading=\"lazy\" decoding=\"async\" width=\"1000\" height=\"667\" src=\"https:\/\/maul-architekten.com\/wp-content\/uploads\/2025\/08\/ANSICHT.jpg\" class=\"slider-3780 slide-3788 msDefaultImage\" alt=\"\" rel=\"\" title=\"\" style=\"margin: 0 auto; width: 100%\" srcset=\"https:\/\/maul-architekten.com\/wp-content\/uploads\/2025\/08\/ANSICHT.jpg 1000w, https:\/\/maul-architekten.com\/wp-content\/uploads\/2025\/08\/ANSICHT-300x200.jpg 300w, https:\/\/maul-architekten.com\/wp-content\/uploads\/2025\/08\/ANSICHT-700x467.jpg 700w, https:\/\/maul-architekten.com\/wp-content\/uploads\/2025\/08\/ANSICHT-768x512.jpg 768w, https:\/\/maul-architekten.com\/wp-content\/uploads\/2025\/08\/ANSICHT-192x128.jpg 192w\" sizes=\"auto, (max-width: 1000px) 100vw, 1000px\" \/><\/li>\n            <\/ul>\n        <\/div>\n        \n    <\/div>\n<\/div>\n\n\n\n<p><\/p>\n\n\n\n<p><strong>Wettbewerb Kindergarten und Volksschule &#8211; St. Georgen am Fillmannsbach<\/strong> | 2. Preis<\/p>\n\n\n\n<p>EU-weit offener zweistufiger Realisierungswettbewerb | Sommer 2025<\/p>\n\n\n\n<p><\/p>\n\n\n\n<p>Die l\u00e4ngliche Ausdehnung des Geb\u00e4udes mit seinem versetzten Satteldach nimmt die Struktur der bestehenden langgestreckten Bauk\u00f6rper auf und f\u00fcgt sich harmonisch in das bauliche Umfeld ein.<br>Die kompakte Gestaltung des Bauk\u00f6rpers erlaubt eine wirtschaftliche Umsetzung, ohne dabei auf r\u00e4umliche Qualit\u00e4ten oder Blickbeziehungen zu verzichten.<\/p>\n\n\n\n<p>Der Zugang erfolgt \u00fcber eine \u00fcberdachte Vorzone, von der aus der Windfang als verbindendes Element zwischen Kindergarten und Volksschule erschlossen wird.<br>Im Erdgeschoss sind s\u00e4mtliche R\u00e4ume des dreigruppigen Kindergartens untergebracht. Die Volksschule befindet sich im zur\u00fcckversetzten Obergeschoss und bildet einen eigenst\u00e4ndigen Bauk\u00f6rper.<\/p>\n\n\n\n<p>Im Eingangsbereich k\u00f6nnen die Kindergartenkinder in der zentralen Garderobe ihre Stra\u00dfenschuhe ablegen und gelangen anschlie\u00dfend \u00fcber einen lichtdurchfluteten Flur zu den Gruppenr\u00e4umen, die s\u00fcd\u00f6stlich zum Garten hin orientiert sind.<\/p>\n\n\n\n<p>Gegen\u00fcber der Zentralgarderobe liegt der Bewegungsraum, der sich zum Garten hin erweitert \u2013 eine vorgelagerte Terrasse mit integrierter Sitzbank schafft zus\u00e4tzliche Aufenthaltsqualit\u00e4t im Au\u00dfenraum.<\/p>\n\n\n\n<p>Die versetzt angeordneten Gruppenr\u00e4ume k\u00f6nnen flexibel und bedarfsgerecht genutzt werden. Die Unterrichtsr\u00e4ume der Volksschule gruppieren sich im Obergeschoss um einen freigestellten Funktionskern.<br><br><\/p>\n\n\n\n<p><\/p>\n","protected":false},"excerpt":{"rendered":"<p>Wettbewerb Kindergarten und Volksschule &#8211; St. Georgen am Fillmannsbach | 2. Preis EU-weit offener zweistufiger Realisierungswettbewerb | Sommer 2025 Die l\u00e4ngliche Ausdehnung des Geb\u00e4udes mit seinem versetzten Satteldach nimmt die Struktur der bestehenden langgestreckten Bauk\u00f6rper auf und f\u00fcgt sich harmonisch in das bauliche Umfeld ein.Die kompakte Gestaltung des Bauk\u00f6rpers erlaubt eine wirtschaftliche Umsetzung, ohne dabei &hellip; <a href=\"https:\/\/maul-architekten.com\/?page_id=3793\" class=\"more-link\"><span class=\"screen-reader-text\">Wettbewerb Kindergarten und Volksschule &#8211; St. Georgen am Fillmannsbach<\/span> weiterlesen<\/a><\/p>\n","protected":false},"author":1,"featured_media":3787,"parent":0,"menu_order":0,"comment_status":"closed","ping_status":"closed","template":"","meta":{"footnotes":""},"class_list":["post-3793","page","type-page","status-publish","has-post-thumbnail","hentry"],"_links":{"self":[{"href":"https:\/\/maul-architekten.com\/index.php?rest_route=\/wp\/v2\/pages\/3793","targetHints":{"allow":["GET"]}}],"collection":[{"href":"https:\/\/maul-architekten.com\/index.php?rest_route=\/wp\/v2\/pages"}],"about":[{"href":"https:\/\/maul-architekten.com\/index.php?rest_route=\/wp\/v2\/types\/page"}],"author":[{"embeddable":true,"href":"https:\/\/maul-architekten.com\/index.php?rest_route=\/wp\/v2\/users\/1"}],"replies":[{"embeddable":true,"href":"https:\/\/maul-architekten.com\/index.php?rest_route=%2Fwp%2Fv2%2Fcomments&post=3793"}],"version-history":[{"count":5,"href":"https:\/\/maul-architekten.com\/index.php?rest_route=\/wp\/v2\/pages\/3793\/revisions"}],"predecessor-version":[{"id":3814,"href":"https:\/\/maul-architekten.com\/index.php?rest_route=\/wp\/v2\/pages\/3793\/revisions\/3814"}],"wp:featuredmedia":[{"embeddable":true,"href":"https:\/\/maul-architekten.com\/index.php?rest_route=\/wp\/v2\/media\/3787"}],"wp:attachment":[{"href":"https:\/\/maul-architekten.com\/index.php?rest_route=%2Fwp%2Fv2%2Fmedia&parent=3793"}],"curies":[{"name":"wp","href":"https:\/\/api.w.org\/{rel}","templated":true}]}}