{"id":3625,"date":"2025-04-22T16:44:38","date_gmt":"2025-04-22T14:44:38","guid":{"rendered":"https:\/\/maul-architekten.com\/?page_id=3625"},"modified":"2025-04-23T07:45:44","modified_gmt":"2025-04-23T05:45:44","slug":"wettbewerb-rettungsstation-wien","status":"publish","type":"page","link":"https:\/\/maul-architekten.com\/?page_id=3625","title":{"rendered":"Wettbewerb Rettungsstation &#8211; Wien"},"content":{"rendered":"<div id=\"metaslider-id-3632\" style=\"width: 100%;\" class=\"ml-slider-3-108-0 metaslider metaslider-flex metaslider-3632 ml-slider ms-theme-default nav-hidden\" role=\"region\" aria-label=\"wbw rettungsstation\" data-height=\"667\" data-width=\"1000\">\n    <div id=\"metaslider_container_3632\">\n        <div id=\"metaslider_3632\">\n            <ul class='slides'>\n                <li style=\"display: block; width: 100%;\" class=\"slide-3650 ms-image \" aria-roledescription=\"slide\" data-date=\"2025-04-22 16:33:21\" data-filename=\"rettungsstation-lageplan.jpg\" data-slide-type=\"image\"><img loading=\"lazy\" decoding=\"async\" src=\"https:\/\/maul-architekten.com\/wp-content\/uploads\/2025\/04\/rettungsstation-lageplan.jpg\" height=\"667\" width=\"1000\" alt=\"\" class=\"slider-3632 slide-3650 msDefaultImage\" \/><\/li>\n                <li style=\"display: none; width: 100%;\" class=\"slide-3649 ms-image \" aria-roledescription=\"slide\" data-date=\"2025-04-22 16:33:21\" data-filename=\"rettungsstation-eg.jpg\" data-slide-type=\"image\"><img loading=\"lazy\" decoding=\"async\" src=\"https:\/\/maul-architekten.com\/wp-content\/uploads\/2025\/04\/rettungsstation-eg.jpg\" height=\"667\" width=\"1000\" alt=\"\" class=\"slider-3632 slide-3649 msDefaultImage\" \/><\/li>\n                <li style=\"display: none; width: 100%;\" class=\"slide-3651 ms-image \" aria-roledescription=\"slide\" data-date=\"2025-04-22 16:33:21\" data-filename=\"rettungsstation-rg.jpg\" data-slide-type=\"image\"><img loading=\"lazy\" decoding=\"async\" src=\"https:\/\/maul-architekten.com\/wp-content\/uploads\/2025\/04\/rettungsstation-rg.jpg\" height=\"667\" width=\"1000\" alt=\"\" class=\"slider-3632 slide-3651 msDefaultImage\" \/><\/li>\n                <li style=\"display: none; width: 100%;\" class=\"slide-3654 ms-image \" aria-roledescription=\"slide\" data-date=\"2025-04-22 16:38:51\" data-filename=\"rettungsstation-anicht-schnitt-1.jpg\" data-slide-type=\"image\"><img loading=\"lazy\" decoding=\"async\" src=\"https:\/\/maul-architekten.com\/wp-content\/uploads\/2025\/04\/rettungsstation-anicht-schnitt-1.jpg\" height=\"667\" width=\"1000\" alt=\"\" class=\"slider-3632 slide-3654 msDefaultImage\" \/><\/li>\n                <li style=\"display: none; width: 100%;\" class=\"slide-3648 ms-image \" aria-roledescription=\"slide\" data-date=\"2025-04-22 16:33:21\" data-filename=\"rettungsstation-axo.jpg\" data-slide-type=\"image\"><img loading=\"lazy\" decoding=\"async\" src=\"https:\/\/maul-architekten.com\/wp-content\/uploads\/2025\/04\/rettungsstation-axo.jpg\" height=\"667\" width=\"1000\" alt=\"\" class=\"slider-3632 slide-3648 msDefaultImage\" \/><\/li>\n                <li style=\"display: none; width: 100%;\" class=\"slide-3636 ms-image \" aria-roledescription=\"slide\" data-date=\"2025-04-22 16:14:52\" data-filename=\"zugang_150-dpi_-899x600.jpg\" data-slide-type=\"image\"><img loading=\"lazy\" decoding=\"async\" src=\"https:\/\/maul-architekten.com\/wp-content\/uploads\/2025\/04\/zugang_150-dpi_-899x600.jpg\" height=\"667\" width=\"1000\" alt=\"\" class=\"slider-3632 slide-3636 msDefaultImage\" \/><\/li>\n                <li style=\"display: none; width: 100%;\" class=\"slide-3635 ms-image \" aria-roledescription=\"slide\" data-date=\"2025-04-22 16:14:52\" data-filename=\"innenhof-ausschnitt-neu-150_-1000x667.jpg\" data-slide-type=\"image\"><img loading=\"lazy\" decoding=\"async\" src=\"https:\/\/maul-architekten.com\/wp-content\/uploads\/2025\/04\/innenhof-ausschnitt-neu-150_-1000x667.jpg\" height=\"667\" width=\"1000\" alt=\"\" class=\"slider-3632 slide-3635 msDefaultImage\" \/><\/li>\n            <\/ul>\n        <\/div>\n        \n    <\/div>\n<\/div>\n\n\n\n<p><\/p>\n\n\n\n<p><strong>Wettbewerb Rettungsstation &#8211; Wien<\/strong> | 3. Runde<\/p>\n\n\n\n<p>EU-weit offener einstufiger Realisierungswettbewerb |  Fr\u00fchjahr 2025<\/p>\n\n\n\n<p><\/p>\n\n\n\n<p>Die neue Rettungsstation \u201eAuf der Schmelz\u201c f\u00fcgt sich als kompakter, zur\u00fcckhaltender Bauk\u00f6rper harmonisch in die Umgebung ein und wird mit gr\u00f6\u00dftm\u00f6glichem Abstand zum bestehenden Gr\u00fcnraum an der Oeversee Stra\u00dfe positioniert.<\/p>\n\n\n\n<p>Besonderes Augenmerk wurde auf eine funktionale und logische Anordnung der Bereiche gelegt. Eine klare, \u00fcbersichtliche und effiziente Wegef\u00fchrung ist dabei essenziell: Die Einsatzr\u00e4ume sind direkt an die Fahrzeughalle angebunden, w\u00e4hrend sich die Personalr\u00e4ume im Obergeschoss befinden.<\/p>\n\n\n\n<p>Auszug Juryprotokoll:<\/p>\n\n\n\n<p>&#8220; [&#8230;] Architektur &#8211; Das \u00e4u\u00dfere Erscheinungsbild ist durch klare und einfache Strukturen gepr\u00e4gt. Die massive Bauweise des Sockelgeschosses und die Leichtbauweise des Obergeschosses bilden sich im \u00e4u\u00dferen Erscheinungsbild klar ab. Der rechtwinklige Bau ist im Obergeschoss gut strukturiert. Die Organisation der Aufenthaltsr\u00e4ume ist gut mit den direkt angrenzenden Besprechungsr\u00e4umen und dem Atrium koppelbar und frei, flexibel bespielbar. Die Positionen der beiden Stiegenh\u00e4user sichern eine kurze Wegef\u00fchrung und rasche Erreichbarkeit der Einsatzfahrzeuge. [&#8230;] &#8222;<\/p>\n\n\n\n<p><\/p>\n","protected":false},"excerpt":{"rendered":"<p>Wettbewerb Rettungsstation &#8211; Wien | 3. Runde EU-weit offener einstufiger Realisierungswettbewerb | Fr\u00fchjahr 2025 Die neue Rettungsstation \u201eAuf der Schmelz\u201c f\u00fcgt sich als kompakter, zur\u00fcckhaltender Bauk\u00f6rper harmonisch in die Umgebung ein und wird mit gr\u00f6\u00dftm\u00f6glichem Abstand zum bestehenden Gr\u00fcnraum an der Oeversee Stra\u00dfe positioniert. Besonderes Augenmerk wurde auf eine funktionale und logische Anordnung der Bereiche &hellip; <a href=\"https:\/\/maul-architekten.com\/?page_id=3625\" class=\"more-link\"><span class=\"screen-reader-text\">Wettbewerb Rettungsstation &#8211; Wien<\/span> weiterlesen<\/a><\/p>\n","protected":false},"author":1,"featured_media":0,"parent":0,"menu_order":0,"comment_status":"closed","ping_status":"closed","template":"","meta":{"footnotes":""},"class_list":["post-3625","page","type-page","status-publish","hentry"],"_links":{"self":[{"href":"https:\/\/maul-architekten.com\/index.php?rest_route=\/wp\/v2\/pages\/3625","targetHints":{"allow":["GET"]}}],"collection":[{"href":"https:\/\/maul-architekten.com\/index.php?rest_route=\/wp\/v2\/pages"}],"about":[{"href":"https:\/\/maul-architekten.com\/index.php?rest_route=\/wp\/v2\/types\/page"}],"author":[{"embeddable":true,"href":"https:\/\/maul-architekten.com\/index.php?rest_route=\/wp\/v2\/users\/1"}],"replies":[{"embeddable":true,"href":"https:\/\/maul-architekten.com\/index.php?rest_route=%2Fwp%2Fv2%2Fcomments&post=3625"}],"version-history":[{"count":8,"href":"https:\/\/maul-architekten.com\/index.php?rest_route=\/wp\/v2\/pages\/3625\/revisions"}],"predecessor-version":[{"id":3664,"href":"https:\/\/maul-architekten.com\/index.php?rest_route=\/wp\/v2\/pages\/3625\/revisions\/3664"}],"wp:attachment":[{"href":"https:\/\/maul-architekten.com\/index.php?rest_route=%2Fwp%2Fv2%2Fmedia&parent=3625"}],"curies":[{"name":"wp","href":"https:\/\/api.w.org\/{rel}","templated":true}]}}