{"id":3546,"date":"2025-02-03T17:28:05","date_gmt":"2025-02-03T15:28:05","guid":{"rendered":"https:\/\/maul-architekten.com\/?page_id=3546"},"modified":"2025-02-04T10:49:43","modified_gmt":"2025-02-04T08:49:43","slug":"wettbewerb-wohnbau-madlschenterweg","status":"publish","type":"page","link":"https:\/\/maul-architekten.com\/?page_id=3546","title":{"rendered":"Wettbewerb Wohnbau Madlschenterweg"},"content":{"rendered":"<div id=\"metaslider-id-3539\" style=\"max-width: 1000px;\" class=\"ml-slider-3-107-0 metaslider metaslider-flex metaslider-3539 ml-slider ms-theme-default nav-hidden\" role=\"region\" aria-label=\"Wettbewerb Wohnbau Madlschenterweg\" data-height=\"667\" data-width=\"1000\">\n    <div id=\"metaslider_container_3539\">\n        <div id=\"metaslider_3539\">\n            <ul class='slides'>\n                <li style=\"display: block; width: 100%;\" class=\"slide-3545 ms-image \" aria-roledescription=\"slide\" data-date=\"2025-02-03 17:25:57\" data-filename=\"ansicht-sued.jpg\" data-slide-type=\"image\"><img loading=\"lazy\" decoding=\"async\" width=\"1000\" height=\"667\" src=\"https:\/\/maul-architekten.com\/wp-content\/uploads\/2025\/02\/ansicht-sued.jpg\" class=\"slider-3539 slide-3545 msDefaultImage\" alt=\"\" rel=\"\" title=\"\" style=\"margin: 0 auto; width: 100%\" srcset=\"https:\/\/maul-architekten.com\/wp-content\/uploads\/2025\/02\/ansicht-sued.jpg 1000w, https:\/\/maul-architekten.com\/wp-content\/uploads\/2025\/02\/ansicht-sued-300x200.jpg 300w, https:\/\/maul-architekten.com\/wp-content\/uploads\/2025\/02\/ansicht-sued-700x467.jpg 700w, https:\/\/maul-architekten.com\/wp-content\/uploads\/2025\/02\/ansicht-sued-768x512.jpg 768w, https:\/\/maul-architekten.com\/wp-content\/uploads\/2025\/02\/ansicht-sued-192x128.jpg 192w\" sizes=\"auto, (max-width: 1000px) 100vw, 1000px\" \/><\/li>\n                <li style=\"display: none; width: 100%;\" class=\"slide-3541 ms-image \" aria-roledescription=\"slide\" data-date=\"2025-02-03 17:25:57\" data-filename=\"lageplan.jpg\" data-slide-type=\"image\"><img loading=\"lazy\" decoding=\"async\" width=\"1000\" height=\"667\" src=\"https:\/\/maul-architekten.com\/wp-content\/uploads\/2025\/02\/lageplan.jpg\" class=\"slider-3539 slide-3541 msDefaultImage\" alt=\"\" rel=\"\" title=\"\" style=\"margin: 0 auto; width: 100%\" srcset=\"https:\/\/maul-architekten.com\/wp-content\/uploads\/2025\/02\/lageplan.jpg 1000w, https:\/\/maul-architekten.com\/wp-content\/uploads\/2025\/02\/lageplan-300x200.jpg 300w, https:\/\/maul-architekten.com\/wp-content\/uploads\/2025\/02\/lageplan-700x467.jpg 700w, https:\/\/maul-architekten.com\/wp-content\/uploads\/2025\/02\/lageplan-768x512.jpg 768w, https:\/\/maul-architekten.com\/wp-content\/uploads\/2025\/02\/lageplan-192x128.jpg 192w\" sizes=\"auto, (max-width: 1000px) 100vw, 1000px\" \/><\/li>\n                <li style=\"display: none; width: 100%;\" class=\"slide-3542 ms-image \" aria-roledescription=\"slide\" data-date=\"2025-02-03 17:25:57\" data-filename=\"e0.jpg\" data-slide-type=\"image\"><img loading=\"lazy\" decoding=\"async\" width=\"1000\" height=\"667\" src=\"https:\/\/maul-architekten.com\/wp-content\/uploads\/2025\/02\/e0.jpg\" class=\"slider-3539 slide-3542 msDefaultImage\" alt=\"\" rel=\"\" title=\"\" style=\"margin: 0 auto; width: 100%\" srcset=\"https:\/\/maul-architekten.com\/wp-content\/uploads\/2025\/02\/e0.jpg 1000w, https:\/\/maul-architekten.com\/wp-content\/uploads\/2025\/02\/e0-300x200.jpg 300w, https:\/\/maul-architekten.com\/wp-content\/uploads\/2025\/02\/e0-700x467.jpg 700w, https:\/\/maul-architekten.com\/wp-content\/uploads\/2025\/02\/e0-768x512.jpg 768w, https:\/\/maul-architekten.com\/wp-content\/uploads\/2025\/02\/e0-192x128.jpg 192w\" sizes=\"auto, (max-width: 1000px) 100vw, 1000px\" \/><\/li>\n                <li style=\"display: none; width: 100%;\" class=\"slide-3543 ms-image \" aria-roledescription=\"slide\" data-date=\"2025-02-03 17:25:57\" data-filename=\"regelgeschoss.jpg\" data-slide-type=\"image\"><img loading=\"lazy\" decoding=\"async\" width=\"1000\" height=\"667\" src=\"https:\/\/maul-architekten.com\/wp-content\/uploads\/2025\/02\/regelgeschoss.jpg\" class=\"slider-3539 slide-3543 msDefaultImage\" alt=\"\" rel=\"\" title=\"\" style=\"margin: 0 auto; width: 100%\" srcset=\"https:\/\/maul-architekten.com\/wp-content\/uploads\/2025\/02\/regelgeschoss.jpg 1000w, https:\/\/maul-architekten.com\/wp-content\/uploads\/2025\/02\/regelgeschoss-300x200.jpg 300w, https:\/\/maul-architekten.com\/wp-content\/uploads\/2025\/02\/regelgeschoss-700x467.jpg 700w, https:\/\/maul-architekten.com\/wp-content\/uploads\/2025\/02\/regelgeschoss-768x512.jpg 768w, https:\/\/maul-architekten.com\/wp-content\/uploads\/2025\/02\/regelgeschoss-192x128.jpg 192w\" sizes=\"auto, (max-width: 1000px) 100vw, 1000px\" \/><\/li>\n                <li style=\"display: none; width: 100%;\" class=\"slide-3544 ms-image \" aria-roledescription=\"slide\" data-date=\"2025-02-03 17:25:57\" data-filename=\"wohnungen-1.jpg\" data-slide-type=\"image\"><img loading=\"lazy\" decoding=\"async\" width=\"1000\" height=\"667\" src=\"https:\/\/maul-architekten.com\/wp-content\/uploads\/2025\/02\/wohnungen-1.jpg\" class=\"slider-3539 slide-3544 msDefaultImage\" alt=\"\" rel=\"\" title=\"\" style=\"margin: 0 auto; width: 100%\" srcset=\"https:\/\/maul-architekten.com\/wp-content\/uploads\/2025\/02\/wohnungen-1.jpg 1000w, https:\/\/maul-architekten.com\/wp-content\/uploads\/2025\/02\/wohnungen-1-300x200.jpg 300w, https:\/\/maul-architekten.com\/wp-content\/uploads\/2025\/02\/wohnungen-1-700x467.jpg 700w, https:\/\/maul-architekten.com\/wp-content\/uploads\/2025\/02\/wohnungen-1-768x512.jpg 768w, https:\/\/maul-architekten.com\/wp-content\/uploads\/2025\/02\/wohnungen-1-192x128.jpg 192w\" sizes=\"auto, (max-width: 1000px) 100vw, 1000px\" \/><\/li>\n                <li style=\"display: none; width: 100%;\" class=\"slide-3540 ms-image \" aria-roledescription=\"slide\" data-date=\"2025-02-03 17:25:57\" data-filename=\"modell.jpg\" data-slide-type=\"image\"><img loading=\"lazy\" decoding=\"async\" width=\"1000\" height=\"667\" src=\"https:\/\/maul-architekten.com\/wp-content\/uploads\/2025\/02\/modell.jpg\" class=\"slider-3539 slide-3540 msDefaultImage\" alt=\"\" rel=\"\" title=\"\" style=\"margin: 0 auto; width: 100%\" srcset=\"https:\/\/maul-architekten.com\/wp-content\/uploads\/2025\/02\/modell.jpg 1000w, https:\/\/maul-architekten.com\/wp-content\/uploads\/2025\/02\/modell-300x200.jpg 300w, https:\/\/maul-architekten.com\/wp-content\/uploads\/2025\/02\/modell-700x467.jpg 700w, https:\/\/maul-architekten.com\/wp-content\/uploads\/2025\/02\/modell-768x512.jpg 768w, https:\/\/maul-architekten.com\/wp-content\/uploads\/2025\/02\/modell-192x128.jpg 192w\" sizes=\"auto, (max-width: 1000px) 100vw, 1000px\" \/><\/li>\n            <\/ul>\n        <\/div>\n        \n    <\/div>\n<\/div>\n\n\n\n<p><\/p>\n\n\n\n<p><strong>Wettbewerb Wohnbau Madlschenterweg &#8211; Traun<\/strong>  | 2. Preis<\/p>\n\n\n\n<p>geladener Architekturwettbewerb | Herbst 2024<\/p>\n\n\n\n<p><\/p>\n\n\n\n<p>Die Jury lobte neben der st\u00e4dtebaulichen Bedachtnahme auf die Durchwegung des Grundst\u00fccks und Erschlie\u00dfung des Geb\u00e4udes, die hohe Qualit\u00e4t der Wohnugnsgrundrisse und die sehr ansprechende Fassadengestaltung. Neben der gro\u00dfen Flexibilit\u00e4t der Grundrisse konnte die Implementierung von der eingescho\u00dfigen Patios zum \u00f6ffentlichen Platz \u00fcberzeugen.<\/p>\n\n\n\n<p class=\"has-cyan-bluish-gray-color has-text-color\"><\/p>\n","protected":false},"excerpt":{"rendered":"<p>Wettbewerb Wohnbau Madlschenterweg &#8211; Traun | 2. Preis geladener Architekturwettbewerb | Herbst 2024 Die Jury lobte neben der st\u00e4dtebaulichen Bedachtnahme auf die Durchwegung des Grundst\u00fccks und Erschlie\u00dfung des Geb\u00e4udes, die hohe Qualit\u00e4t der Wohnugnsgrundrisse und die sehr ansprechende Fassadengestaltung. Neben der gro\u00dfen Flexibilit\u00e4t der Grundrisse konnte die Implementierung von der eingescho\u00dfigen Patios zum \u00f6ffentlichen Platz &hellip; <a href=\"https:\/\/maul-architekten.com\/?page_id=3546\" class=\"more-link\"><span class=\"screen-reader-text\">Wettbewerb Wohnbau Madlschenterweg<\/span> weiterlesen<\/a><\/p>\n","protected":false},"author":1,"featured_media":3537,"parent":0,"menu_order":0,"comment_status":"closed","ping_status":"closed","template":"","meta":{"footnotes":""},"class_list":["post-3546","page","type-page","status-publish","has-post-thumbnail","hentry"],"_links":{"self":[{"href":"https:\/\/maul-architekten.com\/index.php?rest_route=\/wp\/v2\/pages\/3546","targetHints":{"allow":["GET"]}}],"collection":[{"href":"https:\/\/maul-architekten.com\/index.php?rest_route=\/wp\/v2\/pages"}],"about":[{"href":"https:\/\/maul-architekten.com\/index.php?rest_route=\/wp\/v2\/types\/page"}],"author":[{"embeddable":true,"href":"https:\/\/maul-architekten.com\/index.php?rest_route=\/wp\/v2\/users\/1"}],"replies":[{"embeddable":true,"href":"https:\/\/maul-architekten.com\/index.php?rest_route=%2Fwp%2Fv2%2Fcomments&post=3546"}],"version-history":[{"count":4,"href":"https:\/\/maul-architekten.com\/index.php?rest_route=\/wp\/v2\/pages\/3546\/revisions"}],"predecessor-version":[{"id":3564,"href":"https:\/\/maul-architekten.com\/index.php?rest_route=\/wp\/v2\/pages\/3546\/revisions\/3564"}],"wp:featuredmedia":[{"embeddable":true,"href":"https:\/\/maul-architekten.com\/index.php?rest_route=\/wp\/v2\/media\/3537"}],"wp:attachment":[{"href":"https:\/\/maul-architekten.com\/index.php?rest_route=%2Fwp%2Fv2%2Fmedia&parent=3546"}],"curies":[{"name":"wp","href":"https:\/\/api.w.org\/{rel}","templated":true}]}}