{"id":3384,"date":"2024-07-29T15:51:53","date_gmt":"2024-07-29T13:51:53","guid":{"rendered":"https:\/\/maul-architekten.com\/?page_id=3384"},"modified":"2025-08-06T12:14:04","modified_gmt":"2025-08-06T10:14:04","slug":"haus-s-mondsee","status":"publish","type":"page","link":"https:\/\/maul-architekten.com\/?page_id=3384","title":{"rendered":"Haus S &#8211; Mondsee"},"content":{"rendered":"\n<div class=\"alignnormal\"><div id=\"metaslider-id-3733\" style=\"max-width: 1000px;\" class=\"ml-slider-3-107-0 metaslider metaslider-flex metaslider-3733 ml-slider ms-theme-default nav-hidden\" role=\"region\" aria-label=\"Haus S - Mondsee\" data-height=\"667\" data-width=\"1000\">\n    <div id=\"metaslider_container_3733\">\n        <div id=\"metaslider_3733\">\n            <ul class='slides'>\n                <li style=\"display: block; width: 100%;\" class=\"slide-3735 ms-image \" aria-roledescription=\"slide\" data-date=\"2025-08-05 15:25:21\" data-filename=\"01_250717-179_mondsee_wohnhaus-am-see_schreyerdavid.jpg\" data-slide-type=\"image\"><img loading=\"lazy\" decoding=\"async\" width=\"1440\" height=\"906\" src=\"https:\/\/maul-architekten.com\/wp-content\/uploads\/2025\/08\/01_250717-179_mondsee_wohnhaus-am-see_schreyerdavid.jpg\" class=\"slider-3733 slide-3735 msDefaultImage\" alt=\"\" rel=\"\" title=\"\" style=\"margin-top: 1.8916666666667%\" srcset=\"https:\/\/maul-architekten.com\/wp-content\/uploads\/2025\/08\/01_250717-179_mondsee_wohnhaus-am-see_schreyerdavid.jpg 1440w, https:\/\/maul-architekten.com\/wp-content\/uploads\/2025\/08\/01_250717-179_mondsee_wohnhaus-am-see_schreyerdavid-300x189.jpg 300w, https:\/\/maul-architekten.com\/wp-content\/uploads\/2025\/08\/01_250717-179_mondsee_wohnhaus-am-see_schreyerdavid-700x440.jpg 700w, https:\/\/maul-architekten.com\/wp-content\/uploads\/2025\/08\/01_250717-179_mondsee_wohnhaus-am-see_schreyerdavid-768x483.jpg 768w, https:\/\/maul-architekten.com\/wp-content\/uploads\/2025\/08\/01_250717-179_mondsee_wohnhaus-am-see_schreyerdavid-192x121.jpg 192w\" sizes=\"auto, (max-width: 1440px) 100vw, 1440px\" \/><\/li>\n                <li style=\"display: none; width: 100%;\" class=\"slide-3812 ms-image \" aria-roledescription=\"slide\" data-date=\"2025-08-06 13:22:51\" data-filename=\"02_250717-196_mondsee_wohnhaus-am-see_schreyerdavid.jpg\" data-slide-type=\"image\"><img loading=\"lazy\" decoding=\"async\" width=\"1440\" height=\"906\" src=\"https:\/\/maul-architekten.com\/wp-content\/uploads\/2025\/08\/02_250717-196_mondsee_wohnhaus-am-see_schreyerdavid.jpg\" class=\"slider-3733 slide-3812 msDefaultImage\" alt=\"\" rel=\"\" title=\"\" style=\"margin-top: 1.8916666666667%\" srcset=\"https:\/\/maul-architekten.com\/wp-content\/uploads\/2025\/08\/02_250717-196_mondsee_wohnhaus-am-see_schreyerdavid.jpg 1440w, https:\/\/maul-architekten.com\/wp-content\/uploads\/2025\/08\/02_250717-196_mondsee_wohnhaus-am-see_schreyerdavid-300x189.jpg 300w, https:\/\/maul-architekten.com\/wp-content\/uploads\/2025\/08\/02_250717-196_mondsee_wohnhaus-am-see_schreyerdavid-700x440.jpg 700w, https:\/\/maul-architekten.com\/wp-content\/uploads\/2025\/08\/02_250717-196_mondsee_wohnhaus-am-see_schreyerdavid-768x483.jpg 768w, https:\/\/maul-architekten.com\/wp-content\/uploads\/2025\/08\/02_250717-196_mondsee_wohnhaus-am-see_schreyerdavid-192x121.jpg 192w\" sizes=\"auto, (max-width: 1440px) 100vw, 1440px\" \/><\/li>\n                <li style=\"display: none; width: 100%;\" class=\"slide-3757 ms-image \" aria-roledescription=\"slide\" data-date=\"2025-08-05 15:38:35\" data-filename=\"12_250717-177_mondsee_wohnhaus-am-see_schreyerdavid.jpg\" data-slide-type=\"image\"><img loading=\"lazy\" decoding=\"async\" width=\"1440\" height=\"1136\" src=\"https:\/\/maul-architekten.com\/wp-content\/uploads\/2025\/08\/12_250717-177_mondsee_wohnhaus-am-see_schreyerdavid.jpg\" class=\"slider-3733 slide-3757 msDefaultImage\" alt=\"\" rel=\"\" title=\"\" style=\"margin: 0 auto; width: 84.549295774648%\" srcset=\"https:\/\/maul-architekten.com\/wp-content\/uploads\/2025\/08\/12_250717-177_mondsee_wohnhaus-am-see_schreyerdavid.jpg 1440w, https:\/\/maul-architekten.com\/wp-content\/uploads\/2025\/08\/12_250717-177_mondsee_wohnhaus-am-see_schreyerdavid-300x237.jpg 300w, https:\/\/maul-architekten.com\/wp-content\/uploads\/2025\/08\/12_250717-177_mondsee_wohnhaus-am-see_schreyerdavid-700x552.jpg 700w, https:\/\/maul-architekten.com\/wp-content\/uploads\/2025\/08\/12_250717-177_mondsee_wohnhaus-am-see_schreyerdavid-768x606.jpg 768w, https:\/\/maul-architekten.com\/wp-content\/uploads\/2025\/08\/12_250717-177_mondsee_wohnhaus-am-see_schreyerdavid-192x151.jpg 192w\" sizes=\"auto, (max-width: 1440px) 100vw, 1440px\" \/><\/li>\n                <li style=\"display: none; width: 100%;\" class=\"slide-3759 ms-image \" aria-roledescription=\"slide\" data-date=\"2025-08-05 15:40:48\" data-filename=\"13_250717-186_mondsee_wohnhaus-am-see_schreyerdavid.jpg\" data-slide-type=\"image\"><img loading=\"lazy\" decoding=\"async\" width=\"1136\" height=\"1440\" src=\"https:\/\/maul-architekten.com\/wp-content\/uploads\/2025\/08\/13_250717-186_mondsee_wohnhaus-am-see_schreyerdavid.jpg\" class=\"slider-3733 slide-3759 msDefaultImage\" alt=\"\" rel=\"\" title=\"\" style=\"margin: 0 auto; width: 52.618888888889%\" srcset=\"https:\/\/maul-architekten.com\/wp-content\/uploads\/2025\/08\/13_250717-186_mondsee_wohnhaus-am-see_schreyerdavid.jpg 1136w, https:\/\/maul-architekten.com\/wp-content\/uploads\/2025\/08\/13_250717-186_mondsee_wohnhaus-am-see_schreyerdavid-237x300.jpg 237w, https:\/\/maul-architekten.com\/wp-content\/uploads\/2025\/08\/13_250717-186_mondsee_wohnhaus-am-see_schreyerdavid-700x887.jpg 700w, https:\/\/maul-architekten.com\/wp-content\/uploads\/2025\/08\/13_250717-186_mondsee_wohnhaus-am-see_schreyerdavid-768x974.jpg 768w, https:\/\/maul-architekten.com\/wp-content\/uploads\/2025\/08\/13_250717-186_mondsee_wohnhaus-am-see_schreyerdavid-151x192.jpg 151w\" sizes=\"auto, (max-width: 1136px) 100vw, 1136px\" \/><\/li>\n                <li style=\"display: none; width: 100%;\" class=\"slide-3747 ms-image \" aria-roledescription=\"slide\" data-date=\"2025-08-05 15:30:55\" data-filename=\"07_250717-117_mondsee_wohnhaus-am-see_schreyerdavid.jpg\" data-slide-type=\"image\"><img loading=\"lazy\" decoding=\"async\" width=\"1440\" height=\"1136\" src=\"https:\/\/maul-architekten.com\/wp-content\/uploads\/2025\/08\/07_250717-117_mondsee_wohnhaus-am-see_schreyerdavid.jpg\" class=\"slider-3733 slide-3747 msDefaultImage\" alt=\"\" rel=\"\" title=\"\" style=\"margin: 0 auto; width: 84.549295774648%\" srcset=\"https:\/\/maul-architekten.com\/wp-content\/uploads\/2025\/08\/07_250717-117_mondsee_wohnhaus-am-see_schreyerdavid.jpg 1440w, https:\/\/maul-architekten.com\/wp-content\/uploads\/2025\/08\/07_250717-117_mondsee_wohnhaus-am-see_schreyerdavid-300x237.jpg 300w, https:\/\/maul-architekten.com\/wp-content\/uploads\/2025\/08\/07_250717-117_mondsee_wohnhaus-am-see_schreyerdavid-700x552.jpg 700w, https:\/\/maul-architekten.com\/wp-content\/uploads\/2025\/08\/07_250717-117_mondsee_wohnhaus-am-see_schreyerdavid-768x606.jpg 768w, https:\/\/maul-architekten.com\/wp-content\/uploads\/2025\/08\/07_250717-117_mondsee_wohnhaus-am-see_schreyerdavid-192x151.jpg 192w\" sizes=\"auto, (max-width: 1440px) 100vw, 1440px\" \/><\/li>\n                <li style=\"display: none; width: 100%;\" class=\"slide-3749 ms-image \" aria-roledescription=\"slide\" data-date=\"2025-08-05 15:32:45\" data-filename=\"08_250717-69_mondsee_wohnhaus-am-see_schreyerdavid.jpg\" data-slide-type=\"image\"><img loading=\"lazy\" decoding=\"async\" width=\"1440\" height=\"1136\" src=\"https:\/\/maul-architekten.com\/wp-content\/uploads\/2025\/08\/08_250717-69_mondsee_wohnhaus-am-see_schreyerdavid.jpg\" class=\"slider-3733 slide-3749 msDefaultImage\" alt=\"\" rel=\"\" title=\"\" style=\"margin: 0 auto; width: 84.549295774648%\" srcset=\"https:\/\/maul-architekten.com\/wp-content\/uploads\/2025\/08\/08_250717-69_mondsee_wohnhaus-am-see_schreyerdavid.jpg 1440w, https:\/\/maul-architekten.com\/wp-content\/uploads\/2025\/08\/08_250717-69_mondsee_wohnhaus-am-see_schreyerdavid-300x237.jpg 300w, https:\/\/maul-architekten.com\/wp-content\/uploads\/2025\/08\/08_250717-69_mondsee_wohnhaus-am-see_schreyerdavid-700x552.jpg 700w, https:\/\/maul-architekten.com\/wp-content\/uploads\/2025\/08\/08_250717-69_mondsee_wohnhaus-am-see_schreyerdavid-768x606.jpg 768w, https:\/\/maul-architekten.com\/wp-content\/uploads\/2025\/08\/08_250717-69_mondsee_wohnhaus-am-see_schreyerdavid-192x151.jpg 192w\" sizes=\"auto, (max-width: 1440px) 100vw, 1440px\" \/><\/li>\n                <li style=\"display: none; width: 100%;\" class=\"slide-3751 ms-image \" aria-roledescription=\"slide\" data-date=\"2025-08-05 15:33:15\" data-filename=\"09_250717-92_mondsee_wohnhaus-am-see_schreyerdavid.jpg\" data-slide-type=\"image\"><img loading=\"lazy\" decoding=\"async\" width=\"1440\" height=\"1136\" src=\"https:\/\/maul-architekten.com\/wp-content\/uploads\/2025\/08\/09_250717-92_mondsee_wohnhaus-am-see_schreyerdavid.jpg\" class=\"slider-3733 slide-3751 msDefaultImage\" alt=\"\" rel=\"\" title=\"\" style=\"margin: 0 auto; width: 84.549295774648%\" srcset=\"https:\/\/maul-architekten.com\/wp-content\/uploads\/2025\/08\/09_250717-92_mondsee_wohnhaus-am-see_schreyerdavid.jpg 1440w, https:\/\/maul-architekten.com\/wp-content\/uploads\/2025\/08\/09_250717-92_mondsee_wohnhaus-am-see_schreyerdavid-300x237.jpg 300w, https:\/\/maul-architekten.com\/wp-content\/uploads\/2025\/08\/09_250717-92_mondsee_wohnhaus-am-see_schreyerdavid-700x552.jpg 700w, https:\/\/maul-architekten.com\/wp-content\/uploads\/2025\/08\/09_250717-92_mondsee_wohnhaus-am-see_schreyerdavid-768x606.jpg 768w, https:\/\/maul-architekten.com\/wp-content\/uploads\/2025\/08\/09_250717-92_mondsee_wohnhaus-am-see_schreyerdavid-192x151.jpg 192w\" sizes=\"auto, (max-width: 1440px) 100vw, 1440px\" \/><\/li>\n                <li style=\"display: none; width: 100%;\" class=\"slide-3743 ms-image \" aria-roledescription=\"slide\" data-date=\"2025-08-05 15:29:52\" data-filename=\"05_250717-154_mondsee_wohnhaus-am-see_schreyerdavid.jpg\" data-slide-type=\"image\"><img loading=\"lazy\" decoding=\"async\" width=\"1440\" height=\"1136\" src=\"https:\/\/maul-architekten.com\/wp-content\/uploads\/2025\/08\/05_250717-154_mondsee_wohnhaus-am-see_schreyerdavid.jpg\" class=\"slider-3733 slide-3743 msDefaultImage\" alt=\"\" rel=\"\" title=\"\" style=\"margin: 0 auto; width: 84.549295774648%\" srcset=\"https:\/\/maul-architekten.com\/wp-content\/uploads\/2025\/08\/05_250717-154_mondsee_wohnhaus-am-see_schreyerdavid.jpg 1440w, https:\/\/maul-architekten.com\/wp-content\/uploads\/2025\/08\/05_250717-154_mondsee_wohnhaus-am-see_schreyerdavid-300x237.jpg 300w, https:\/\/maul-architekten.com\/wp-content\/uploads\/2025\/08\/05_250717-154_mondsee_wohnhaus-am-see_schreyerdavid-700x552.jpg 700w, https:\/\/maul-architekten.com\/wp-content\/uploads\/2025\/08\/05_250717-154_mondsee_wohnhaus-am-see_schreyerdavid-768x606.jpg 768w, https:\/\/maul-architekten.com\/wp-content\/uploads\/2025\/08\/05_250717-154_mondsee_wohnhaus-am-see_schreyerdavid-192x151.jpg 192w\" sizes=\"auto, (max-width: 1440px) 100vw, 1440px\" \/><\/li>\n                <li style=\"display: none; width: 100%;\" class=\"slide-3762 ms-image \" aria-roledescription=\"slide\" data-date=\"2025-08-05 22:47:18\" data-filename=\"01_Lageplan_1000x667.jpg\" data-slide-type=\"image\"><img loading=\"lazy\" decoding=\"async\" width=\"1000\" height=\"667\" src=\"https:\/\/maul-architekten.com\/wp-content\/uploads\/2025\/08\/01_Lageplan_1000x667.jpg\" class=\"slider-3733 slide-3762 msDefaultImage\" alt=\"\" rel=\"\" title=\"\" style=\"margin: 0 auto; width: 100%\" srcset=\"https:\/\/maul-architekten.com\/wp-content\/uploads\/2025\/08\/01_Lageplan_1000x667.jpg 1000w, https:\/\/maul-architekten.com\/wp-content\/uploads\/2025\/08\/01_Lageplan_1000x667-300x200.jpg 300w, https:\/\/maul-architekten.com\/wp-content\/uploads\/2025\/08\/01_Lageplan_1000x667-700x467.jpg 700w, https:\/\/maul-architekten.com\/wp-content\/uploads\/2025\/08\/01_Lageplan_1000x667-768x512.jpg 768w, https:\/\/maul-architekten.com\/wp-content\/uploads\/2025\/08\/01_Lageplan_1000x667-192x128.jpg 192w\" sizes=\"auto, (max-width: 1000px) 100vw, 1000px\" \/><\/li>\n                <li style=\"display: none; width: 100%;\" class=\"slide-3768 ms-image \" aria-roledescription=\"slide\" data-date=\"2025-08-05 22:49:24\" data-filename=\"04_Schnitt_1000x667.jpg\" data-slide-type=\"image\"><img loading=\"lazy\" decoding=\"async\" width=\"1000\" height=\"667\" src=\"https:\/\/maul-architekten.com\/wp-content\/uploads\/2025\/08\/04_Schnitt_1000x667.jpg\" class=\"slider-3733 slide-3768 msDefaultImage\" alt=\"\" rel=\"\" title=\"\" style=\"margin: 0 auto; width: 100%\" srcset=\"https:\/\/maul-architekten.com\/wp-content\/uploads\/2025\/08\/04_Schnitt_1000x667.jpg 1000w, https:\/\/maul-architekten.com\/wp-content\/uploads\/2025\/08\/04_Schnitt_1000x667-300x200.jpg 300w, https:\/\/maul-architekten.com\/wp-content\/uploads\/2025\/08\/04_Schnitt_1000x667-700x467.jpg 700w, https:\/\/maul-architekten.com\/wp-content\/uploads\/2025\/08\/04_Schnitt_1000x667-768x512.jpg 768w, https:\/\/maul-architekten.com\/wp-content\/uploads\/2025\/08\/04_Schnitt_1000x667-192x128.jpg 192w\" sizes=\"auto, (max-width: 1000px) 100vw, 1000px\" \/><\/li>\n                <li style=\"display: none; width: 100%;\" class=\"slide-3770 ms-image \" aria-roledescription=\"slide\" data-date=\"2025-08-05 22:49:46\" data-filename=\"05_Ansicht_1000x667.jpg\" data-slide-type=\"image\"><img loading=\"lazy\" decoding=\"async\" width=\"1000\" height=\"667\" src=\"https:\/\/maul-architekten.com\/wp-content\/uploads\/2025\/08\/05_Ansicht_1000x667.jpg\" class=\"slider-3733 slide-3770 msDefaultImage\" alt=\"\" rel=\"\" title=\"\" style=\"margin: 0 auto; width: 100%\" srcset=\"https:\/\/maul-architekten.com\/wp-content\/uploads\/2025\/08\/05_Ansicht_1000x667.jpg 1000w, https:\/\/maul-architekten.com\/wp-content\/uploads\/2025\/08\/05_Ansicht_1000x667-300x200.jpg 300w, https:\/\/maul-architekten.com\/wp-content\/uploads\/2025\/08\/05_Ansicht_1000x667-700x467.jpg 700w, https:\/\/maul-architekten.com\/wp-content\/uploads\/2025\/08\/05_Ansicht_1000x667-768x512.jpg 768w, https:\/\/maul-architekten.com\/wp-content\/uploads\/2025\/08\/05_Ansicht_1000x667-192x128.jpg 192w\" sizes=\"auto, (max-width: 1000px) 100vw, 1000px\" \/><\/li>\n            <\/ul>\n        <\/div>\n        \n    <\/div>\n<\/div><\/div>\n\n\n\n<p><\/p>\n\n\n\n<div class=\"wp-block-group\"><div class=\"wp-block-group__inner-container is-layout-constrained wp-block-group-is-layout-constrained\">\n<p><strong>Haus S <\/strong>&#8211; Mondsee | Privat<br><br>Ein Grundst\u00fcck das gekennzeichnet ist durch seine Schmalheit und den am Ende liegenden schilfbewachsenen Mondsee.<br>Das f\u00fcr einen Sommerbetrieb ausgelegte bestehende Holzblockhaus wird abgetragen und an anderer Stelle wieder aufgebaut. Der Vorgabe eines dauerhaften Wohnsitzes war der Bestand nicht mehr gewachsen, und so entsteht an unterschiedlichste Ausblicke generierender Neubau unter Bedachtnahme der vorhandenen Topographie. Der langgestreckte Bauk\u00f6rper wird nach au\u00dfen in einer Dreiteiligkeit ablesbar. Das zum See hin abflachende Gel\u00e4nde wird im Inneren durch einen \u00fcberh\u00f6hten Wohnbereich sp\u00fcrbar. Die Treppe wird mittels Bauk\u00f6rperausschnitt akzentuiert.<br>Das Geb\u00e4ude als Massivholzbau konzipiert, zeigt sowohl im Inneren als auch im \u00c4u\u00dferen eine gr\u00f6\u00dftm\u00f6chliche Transparenz des nachwachsenden Materials Holz. Die gerasterte Lattenstruktur der Fassaden treffen die entsprechenden Raumkanten im Inneren, die Fenster sind ein Vielfaches der Fassadenrasterung.<br>Die M\u00f6blierung als Einbaum\u00f6bel wird mitgedacht und erg\u00e4nzt mittels genauerster Tischlerkunst den stimmungsvollen Innenraum.<span style=\"color: #999999;\"><br><\/span><\/p>\n<\/div><\/div>\n\n\n\n<p>Planung &nbsp;&nbsp;&nbsp;&nbsp;&nbsp;&nbsp;&nbsp; &nbsp;&nbsp;&nbsp;&nbsp;&nbsp;&nbsp;&nbsp; &nbsp; &nbsp; &nbsp; &nbsp; &nbsp;&nbsp;&nbsp; 2022 | 2023<br>Bauausf\u00fchrung &nbsp;&nbsp;&nbsp;&nbsp;&nbsp;&nbsp;&nbsp;&nbsp;&nbsp;&nbsp;&nbsp;&nbsp;&nbsp;&nbsp;&nbsp;  2023 | 2025<\/p>\n\n\n\n<p><span style=\"color: #999999;\">Pl\u00e4ne &nbsp;&nbsp;&nbsp;&nbsp;&nbsp;&nbsp;&nbsp;&nbsp;&nbsp;&nbsp;&nbsp;&nbsp;&nbsp;&nbsp; &nbsp;&nbsp;            \u00a9maul-architekten zt gmbh<\/span><br><span style=\"color: #999999;\">Bilder&nbsp;&nbsp;&nbsp;&nbsp;&nbsp;&nbsp;&nbsp;&nbsp;&nbsp;&nbsp;&nbsp;&nbsp;&nbsp;&nbsp; &nbsp;&nbsp;            \u00a9David Schreyer<\/span><\/p>\n\n\n\n<p><\/p>\n\n\n\n<p><\/p>\n","protected":false},"excerpt":{"rendered":"<p>Haus S &#8211; Mondsee | Privat Ein Grundst\u00fcck das gekennzeichnet ist durch seine Schmalheit und den am Ende liegenden schilfbewachsenen Mondsee.Das f\u00fcr einen Sommerbetrieb ausgelegte bestehende Holzblockhaus wird abgetragen und an anderer Stelle wieder aufgebaut. Der Vorgabe eines dauerhaften Wohnsitzes war der Bestand nicht mehr gewachsen, und so entsteht an unterschiedlichste Ausblicke generierender Neubau unter &hellip; <a href=\"https:\/\/maul-architekten.com\/?page_id=3384\" class=\"more-link\"><span class=\"screen-reader-text\">Haus S &#8211; Mondsee<\/span> weiterlesen<\/a><\/p>\n","protected":false},"author":1,"featured_media":3734,"parent":0,"menu_order":0,"comment_status":"closed","ping_status":"closed","template":"","meta":{"footnotes":""},"class_list":["post-3384","page","type-page","status-publish","has-post-thumbnail","hentry"],"_links":{"self":[{"href":"https:\/\/maul-architekten.com\/index.php?rest_route=\/wp\/v2\/pages\/3384","targetHints":{"allow":["GET"]}}],"collection":[{"href":"https:\/\/maul-architekten.com\/index.php?rest_route=\/wp\/v2\/pages"}],"about":[{"href":"https:\/\/maul-architekten.com\/index.php?rest_route=\/wp\/v2\/types\/page"}],"author":[{"embeddable":true,"href":"https:\/\/maul-architekten.com\/index.php?rest_route=\/wp\/v2\/users\/1"}],"replies":[{"embeddable":true,"href":"https:\/\/maul-architekten.com\/index.php?rest_route=%2Fwp%2Fv2%2Fcomments&post=3384"}],"version-history":[{"count":7,"href":"https:\/\/maul-architekten.com\/index.php?rest_route=\/wp\/v2\/pages\/3384\/revisions"}],"predecessor-version":[{"id":3810,"href":"https:\/\/maul-architekten.com\/index.php?rest_route=\/wp\/v2\/pages\/3384\/revisions\/3810"}],"wp:featuredmedia":[{"embeddable":true,"href":"https:\/\/maul-architekten.com\/index.php?rest_route=\/wp\/v2\/media\/3734"}],"wp:attachment":[{"href":"https:\/\/maul-architekten.com\/index.php?rest_route=%2Fwp%2Fv2%2Fmedia&parent=3384"}],"curies":[{"name":"wp","href":"https:\/\/api.w.org\/{rel}","templated":true}]}}