{"id":2909,"date":"2023-07-27T10:45:55","date_gmt":"2023-07-27T08:45:55","guid":{"rendered":"https:\/\/maul-architekten.com\/?page_id=2909"},"modified":"2023-07-27T12:40:57","modified_gmt":"2023-07-27T10:40:57","slug":"patiohaus-oeo","status":"publish","type":"page","link":"https:\/\/maul-architekten.com\/?page_id=2909","title":{"rendered":"Patiohaus &#8211; \u00d6O"},"content":{"rendered":"<div id=\"metaslider-id-2896\" style=\"max-width: 1000px;\" class=\"ml-slider-3-108-0 metaslider metaslider-flex metaslider-2896 ml-slider ms-theme-default nav-hidden\" role=\"region\" aria-label=\"Studie Patiohaus \u00d6O\" data-height=\"667\" data-width=\"1000\">\n    <div id=\"metaslider_container_2896\">\n        <div id=\"metaslider_2896\">\n            <ul class='slides'>\n                <li style=\"display: block; width: 100%;\" class=\"slide-2921 ms-image \" aria-roledescription=\"slide\" data-date=\"2023-07-27 11:17:33\" data-filename=\"Modell-1.jpg\" data-slide-type=\"image\"><img loading=\"lazy\" decoding=\"async\" width=\"1000\" height=\"667\" src=\"https:\/\/maul-architekten.com\/wp-content\/uploads\/2023\/07\/Modell-1.jpg\" class=\"slider-2896 slide-2921 msDefaultImage\" alt=\"\" rel=\"\" title=\"\" style=\"margin: 0 auto; width: 100%\" srcset=\"https:\/\/maul-architekten.com\/wp-content\/uploads\/2023\/07\/Modell-1.jpg 1000w, https:\/\/maul-architekten.com\/wp-content\/uploads\/2023\/07\/Modell-1-300x200.jpg 300w, https:\/\/maul-architekten.com\/wp-content\/uploads\/2023\/07\/Modell-1-700x467.jpg 700w, https:\/\/maul-architekten.com\/wp-content\/uploads\/2023\/07\/Modell-1-768x512.jpg 768w, https:\/\/maul-architekten.com\/wp-content\/uploads\/2023\/07\/Modell-1-192x128.jpg 192w\" sizes=\"auto, (max-width: 1000px) 100vw, 1000px\" \/><\/li>\n                <li style=\"display: none; width: 100%;\" class=\"slide-2923 ms-image \" aria-roledescription=\"slide\" data-date=\"2023-07-27 11:17:49\" data-filename=\"Modell-2.jpg\" data-slide-type=\"image\"><img loading=\"lazy\" decoding=\"async\" width=\"1000\" height=\"667\" src=\"https:\/\/maul-architekten.com\/wp-content\/uploads\/2023\/07\/Modell-2.jpg\" class=\"slider-2896 slide-2923 msDefaultImage\" alt=\"\" rel=\"\" title=\"\" style=\"margin: 0 auto; width: 100%\" srcset=\"https:\/\/maul-architekten.com\/wp-content\/uploads\/2023\/07\/Modell-2.jpg 1000w, https:\/\/maul-architekten.com\/wp-content\/uploads\/2023\/07\/Modell-2-300x200.jpg 300w, https:\/\/maul-architekten.com\/wp-content\/uploads\/2023\/07\/Modell-2-700x467.jpg 700w, https:\/\/maul-architekten.com\/wp-content\/uploads\/2023\/07\/Modell-2-768x512.jpg 768w, https:\/\/maul-architekten.com\/wp-content\/uploads\/2023\/07\/Modell-2-192x128.jpg 192w\" sizes=\"auto, (max-width: 1000px) 100vw, 1000px\" \/><\/li>\n                <li style=\"display: none; width: 100%;\" class=\"slide-2929 ms-image \" aria-roledescription=\"slide\" data-date=\"2023-07-27 11:18:36\" data-filename=\"01-034-Lageplan.jpg\" data-slide-type=\"image\"><img loading=\"lazy\" decoding=\"async\" width=\"1000\" height=\"667\" src=\"https:\/\/maul-architekten.com\/wp-content\/uploads\/2023\/07\/01-034-Lageplan.jpg\" class=\"slider-2896 slide-2929 msDefaultImage\" alt=\"\" rel=\"\" title=\"01-034 Lageplan\" style=\"margin: 0 auto; width: 100%\" srcset=\"https:\/\/maul-architekten.com\/wp-content\/uploads\/2023\/07\/01-034-Lageplan.jpg 1000w, https:\/\/maul-architekten.com\/wp-content\/uploads\/2023\/07\/01-034-Lageplan-300x200.jpg 300w, https:\/\/maul-architekten.com\/wp-content\/uploads\/2023\/07\/01-034-Lageplan-700x467.jpg 700w, https:\/\/maul-architekten.com\/wp-content\/uploads\/2023\/07\/01-034-Lageplan-768x512.jpg 768w, https:\/\/maul-architekten.com\/wp-content\/uploads\/2023\/07\/01-034-Lageplan-192x128.jpg 192w\" sizes=\"auto, (max-width: 1000px) 100vw, 1000px\" \/><\/li>\n                <li style=\"display: none; width: 100%;\" class=\"slide-2927 ms-image \" aria-roledescription=\"slide\" data-date=\"2023-07-27 11:18:36\" data-filename=\"01-034-homepage-grundriss.jpg\" data-slide-type=\"image\"><img loading=\"lazy\" decoding=\"async\" width=\"1000\" height=\"667\" src=\"https:\/\/maul-architekten.com\/wp-content\/uploads\/2023\/07\/01-034-homepage-grundriss.jpg\" class=\"slider-2896 slide-2927 msDefaultImage\" alt=\"\" rel=\"\" title=\"01-034 homepage-grundriss\" style=\"margin: 0 auto; width: 100%\" srcset=\"https:\/\/maul-architekten.com\/wp-content\/uploads\/2023\/07\/01-034-homepage-grundriss.jpg 1000w, https:\/\/maul-architekten.com\/wp-content\/uploads\/2023\/07\/01-034-homepage-grundriss-300x200.jpg 300w, https:\/\/maul-architekten.com\/wp-content\/uploads\/2023\/07\/01-034-homepage-grundriss-700x467.jpg 700w, https:\/\/maul-architekten.com\/wp-content\/uploads\/2023\/07\/01-034-homepage-grundriss-768x512.jpg 768w, https:\/\/maul-architekten.com\/wp-content\/uploads\/2023\/07\/01-034-homepage-grundriss-192x128.jpg 192w\" sizes=\"auto, (max-width: 1000px) 100vw, 1000px\" \/><\/li>\n                <li style=\"display: none; width: 100%;\" class=\"slide-2928 ms-image \" aria-roledescription=\"slide\" data-date=\"2023-07-27 11:18:36\" data-filename=\"01-034-homepage-schnitt.jpg\" data-slide-type=\"image\"><img loading=\"lazy\" decoding=\"async\" width=\"1000\" height=\"667\" src=\"https:\/\/maul-architekten.com\/wp-content\/uploads\/2023\/07\/01-034-homepage-schnitt.jpg\" class=\"slider-2896 slide-2928 msDefaultImage\" alt=\"\" rel=\"\" title=\"01-034 homepage-schnitt\" style=\"margin: 0 auto; width: 100%\" srcset=\"https:\/\/maul-architekten.com\/wp-content\/uploads\/2023\/07\/01-034-homepage-schnitt.jpg 1000w, https:\/\/maul-architekten.com\/wp-content\/uploads\/2023\/07\/01-034-homepage-schnitt-300x200.jpg 300w, https:\/\/maul-architekten.com\/wp-content\/uploads\/2023\/07\/01-034-homepage-schnitt-700x467.jpg 700w, https:\/\/maul-architekten.com\/wp-content\/uploads\/2023\/07\/01-034-homepage-schnitt-768x512.jpg 768w, https:\/\/maul-architekten.com\/wp-content\/uploads\/2023\/07\/01-034-homepage-schnitt-192x128.jpg 192w\" sizes=\"auto, (max-width: 1000px) 100vw, 1000px\" \/><\/li>\n            <\/ul>\n        <\/div>\n        \n    <\/div>\n<\/div>\n\n\n\n<p><\/p>\n\n\n\n<p><strong>Studie f\u00fcr ein Patiohaus in O\u00d6&nbsp; <\/strong><br><br>Der Patio als zentrale Mitte wird durch die klare Kubatur des Geb\u00e4udes gefasst und gliedert die privaten und \u00f6ffentlichen Wohnbereiche. <\/p>\n\n\n\n<p>Modell\u00a0\u00a0\u00a0\u00a0\u00a0\u00a0\u00a0\u00a0\u00a0\u00a0\u00a0\u00a0\u00a0\u00a0\u00a0\u00a0\u00a0\u00a0 \u00a0\u00a0 mattweiss<\/p>\n\n\n\n<p><\/p>\n\n\n\n<p>Planung                     2019 <br><\/p>\n","protected":false},"excerpt":{"rendered":"<p>Studie f\u00fcr ein Patiohaus in O\u00d6&nbsp; Der Patio als zentrale Mitte wird durch die klare Kubatur des Geb\u00e4udes gefasst und gliedert die privaten und \u00f6ffentlichen Wohnbereiche. Modell\u00a0\u00a0\u00a0\u00a0\u00a0\u00a0\u00a0\u00a0\u00a0\u00a0\u00a0\u00a0\u00a0\u00a0\u00a0\u00a0\u00a0\u00a0 \u00a0\u00a0 mattweiss Planung 2019 <a href=\"https:\/\/maul-architekten.com\/?page_id=2909\" class=\"more-link\"><span class=\"screen-reader-text\">Patiohaus &#8211; \u00d6O<\/span> weiterlesen<\/a><\/p>\n","protected":false},"author":1,"featured_media":0,"parent":0,"menu_order":0,"comment_status":"closed","ping_status":"closed","template":"","meta":{"footnotes":""},"class_list":["post-2909","page","type-page","status-publish","hentry"],"_links":{"self":[{"href":"https:\/\/maul-architekten.com\/index.php?rest_route=\/wp\/v2\/pages\/2909","targetHints":{"allow":["GET"]}}],"collection":[{"href":"https:\/\/maul-architekten.com\/index.php?rest_route=\/wp\/v2\/pages"}],"about":[{"href":"https:\/\/maul-architekten.com\/index.php?rest_route=\/wp\/v2\/types\/page"}],"author":[{"embeddable":true,"href":"https:\/\/maul-architekten.com\/index.php?rest_route=\/wp\/v2\/users\/1"}],"replies":[{"embeddable":true,"href":"https:\/\/maul-architekten.com\/index.php?rest_route=%2Fwp%2Fv2%2Fcomments&post=2909"}],"version-history":[{"count":6,"href":"https:\/\/maul-architekten.com\/index.php?rest_route=\/wp\/v2\/pages\/2909\/revisions"}],"predecessor-version":[{"id":2947,"href":"https:\/\/maul-architekten.com\/index.php?rest_route=\/wp\/v2\/pages\/2909\/revisions\/2947"}],"wp:attachment":[{"href":"https:\/\/maul-architekten.com\/index.php?rest_route=%2Fwp%2Fv2%2Fmedia&parent=2909"}],"curies":[{"name":"wp","href":"https:\/\/api.w.org\/{rel}","templated":true}]}}