{"id":2779,"date":"2023-07-24T14:44:43","date_gmt":"2023-07-24T12:44:43","guid":{"rendered":"https:\/\/maul-architekten.com\/?page_id=2779"},"modified":"2024-06-24T13:19:57","modified_gmt":"2024-06-24T11:19:57","slug":"2779-2","status":"publish","type":"page","link":"https:\/\/maul-architekten.com\/?page_id=2779","title":{"rendered":"Haus E &#8211; Traunsee"},"content":{"rendered":"<div id=\"metaslider-id-2962\" style=\"max-width: 1000px;\" class=\"ml-slider-3-109-0 metaslider metaslider-flex metaslider-2962 ml-slider ms-theme-default nav-hidden\" role=\"region\" aria-label=\"Haus E Traunsee\" data-height=\"667\" data-width=\"1000\">\n    <div id=\"metaslider_container_2962\">\n        <div id=\"metaslider_2962\">\n            <ul class='slides'>\n                <li style=\"display: block; width: 100%;\" class=\"slide-3165 ms-image \" aria-roledescription=\"slide\" data-date=\"2024-06-24 11:25:30\" data-filename=\"1_240529-101_altmuenster-am-traunsee_wohnhaus-am-see_schreyerdavid.jpg\" data-slide-type=\"image\"><img loading=\"lazy\" decoding=\"async\" width=\"1000\" height=\"1268\" src=\"https:\/\/maul-architekten.com\/wp-content\/uploads\/2024\/06\/1_240529-101_altmuenster-am-traunsee_wohnhaus-am-see_schreyerdavid.jpg\" class=\"slider-2962 slide-3165 msDefaultImage\" alt=\"\" rel=\"\" title=\"\" style=\"margin: 0 auto; width: 52.602523659306%\" srcset=\"https:\/\/maul-architekten.com\/wp-content\/uploads\/2024\/06\/1_240529-101_altmuenster-am-traunsee_wohnhaus-am-see_schreyerdavid.jpg 1000w, https:\/\/maul-architekten.com\/wp-content\/uploads\/2024\/06\/1_240529-101_altmuenster-am-traunsee_wohnhaus-am-see_schreyerdavid-237x300.jpg 237w, https:\/\/maul-architekten.com\/wp-content\/uploads\/2024\/06\/1_240529-101_altmuenster-am-traunsee_wohnhaus-am-see_schreyerdavid-700x888.jpg 700w, https:\/\/maul-architekten.com\/wp-content\/uploads\/2024\/06\/1_240529-101_altmuenster-am-traunsee_wohnhaus-am-see_schreyerdavid-768x974.jpg 768w, https:\/\/maul-architekten.com\/wp-content\/uploads\/2024\/06\/1_240529-101_altmuenster-am-traunsee_wohnhaus-am-see_schreyerdavid-151x192.jpg 151w\" sizes=\"auto, (max-width: 1000px) 100vw, 1000px\" \/><\/li>\n                <li style=\"display: none; width: 100%;\" class=\"slide-3166 ms-image \" aria-roledescription=\"slide\" data-date=\"2024-06-24 11:25:30\" data-filename=\"2_240529-33_altmuenster-am-traunsee_wohnhaus-am-see_schreyerdavid.jpg\" data-slide-type=\"image\"><img loading=\"lazy\" decoding=\"async\" width=\"789\" height=\"1000\" src=\"https:\/\/maul-architekten.com\/wp-content\/uploads\/2024\/06\/2_240529-33_altmuenster-am-traunsee_wohnhaus-am-see_schreyerdavid.jpg\" class=\"slider-2962 slide-3166 msDefaultImage\" alt=\"\" rel=\"\" title=\"\" style=\"margin: 0 auto; width: 52.6263%\" srcset=\"https:\/\/maul-architekten.com\/wp-content\/uploads\/2024\/06\/2_240529-33_altmuenster-am-traunsee_wohnhaus-am-see_schreyerdavid.jpg 789w, https:\/\/maul-architekten.com\/wp-content\/uploads\/2024\/06\/2_240529-33_altmuenster-am-traunsee_wohnhaus-am-see_schreyerdavid-237x300.jpg 237w, https:\/\/maul-architekten.com\/wp-content\/uploads\/2024\/06\/2_240529-33_altmuenster-am-traunsee_wohnhaus-am-see_schreyerdavid-700x887.jpg 700w, https:\/\/maul-architekten.com\/wp-content\/uploads\/2024\/06\/2_240529-33_altmuenster-am-traunsee_wohnhaus-am-see_schreyerdavid-768x973.jpg 768w, https:\/\/maul-architekten.com\/wp-content\/uploads\/2024\/06\/2_240529-33_altmuenster-am-traunsee_wohnhaus-am-see_schreyerdavid-151x192.jpg 151w\" sizes=\"auto, (max-width: 789px) 100vw, 789px\" \/><\/li>\n                <li style=\"display: none; width: 100%;\" class=\"slide-3167 ms-image \" aria-roledescription=\"slide\" data-date=\"2024-06-24 11:25:30\" data-filename=\"3_240529-21_altmuenster-am-traunsee_wohnhaus-am-see_schreyerdavid.jpg\" data-slide-type=\"image\"><img loading=\"lazy\" decoding=\"async\" width=\"789\" height=\"1000\" src=\"https:\/\/maul-architekten.com\/wp-content\/uploads\/2024\/06\/3_240529-21_altmuenster-am-traunsee_wohnhaus-am-see_schreyerdavid.jpg\" class=\"slider-2962 slide-3167 msDefaultImage\" alt=\"\" rel=\"\" title=\"\" style=\"margin: 0 auto; width: 52.6263%\" srcset=\"https:\/\/maul-architekten.com\/wp-content\/uploads\/2024\/06\/3_240529-21_altmuenster-am-traunsee_wohnhaus-am-see_schreyerdavid.jpg 789w, https:\/\/maul-architekten.com\/wp-content\/uploads\/2024\/06\/3_240529-21_altmuenster-am-traunsee_wohnhaus-am-see_schreyerdavid-237x300.jpg 237w, https:\/\/maul-architekten.com\/wp-content\/uploads\/2024\/06\/3_240529-21_altmuenster-am-traunsee_wohnhaus-am-see_schreyerdavid-700x887.jpg 700w, https:\/\/maul-architekten.com\/wp-content\/uploads\/2024\/06\/3_240529-21_altmuenster-am-traunsee_wohnhaus-am-see_schreyerdavid-768x973.jpg 768w, https:\/\/maul-architekten.com\/wp-content\/uploads\/2024\/06\/3_240529-21_altmuenster-am-traunsee_wohnhaus-am-see_schreyerdavid-151x192.jpg 151w\" sizes=\"auto, (max-width: 789px) 100vw, 789px\" \/><\/li>\n                <li style=\"display: none; width: 100%;\" class=\"slide-3168 ms-image \" aria-roledescription=\"slide\" data-date=\"2024-06-24 11:25:31\" data-filename=\"4_240529-59_altmuenster-am-traunsee_wohnhaus-am-see_schreyerdavid.jpg\" data-slide-type=\"image\"><img loading=\"lazy\" decoding=\"async\" width=\"1000\" height=\"629\" src=\"https:\/\/maul-architekten.com\/wp-content\/uploads\/2024\/06\/4_240529-59_altmuenster-am-traunsee_wohnhaus-am-see_schreyerdavid.jpg\" class=\"slider-2962 slide-3168 msDefaultImage\" alt=\"\" rel=\"\" title=\"\" style=\"margin-top: 1.9%\" srcset=\"https:\/\/maul-architekten.com\/wp-content\/uploads\/2024\/06\/4_240529-59_altmuenster-am-traunsee_wohnhaus-am-see_schreyerdavid.jpg 1000w, https:\/\/maul-architekten.com\/wp-content\/uploads\/2024\/06\/4_240529-59_altmuenster-am-traunsee_wohnhaus-am-see_schreyerdavid-300x189.jpg 300w, https:\/\/maul-architekten.com\/wp-content\/uploads\/2024\/06\/4_240529-59_altmuenster-am-traunsee_wohnhaus-am-see_schreyerdavid-700x440.jpg 700w, https:\/\/maul-architekten.com\/wp-content\/uploads\/2024\/06\/4_240529-59_altmuenster-am-traunsee_wohnhaus-am-see_schreyerdavid-768x483.jpg 768w, https:\/\/maul-architekten.com\/wp-content\/uploads\/2024\/06\/4_240529-59_altmuenster-am-traunsee_wohnhaus-am-see_schreyerdavid-192x121.jpg 192w\" sizes=\"auto, (max-width: 1000px) 100vw, 1000px\" \/><\/li>\n                <li style=\"display: none; width: 100%;\" class=\"slide-3169 ms-image \" aria-roledescription=\"slide\" data-date=\"2024-06-24 11:25:31\" data-filename=\"5_240529-61_altmuenster-am-traunsee_wohnhaus-am-see_schreyerdavid.jpg\" data-slide-type=\"image\"><img loading=\"lazy\" decoding=\"async\" width=\"1000\" height=\"629\" src=\"https:\/\/maul-architekten.com\/wp-content\/uploads\/2024\/06\/5_240529-61_altmuenster-am-traunsee_wohnhaus-am-see_schreyerdavid.jpg\" class=\"slider-2962 slide-3169 msDefaultImage\" alt=\"\" rel=\"\" title=\"\" style=\"margin-top: 1.9%\" srcset=\"https:\/\/maul-architekten.com\/wp-content\/uploads\/2024\/06\/5_240529-61_altmuenster-am-traunsee_wohnhaus-am-see_schreyerdavid.jpg 1000w, https:\/\/maul-architekten.com\/wp-content\/uploads\/2024\/06\/5_240529-61_altmuenster-am-traunsee_wohnhaus-am-see_schreyerdavid-300x189.jpg 300w, https:\/\/maul-architekten.com\/wp-content\/uploads\/2024\/06\/5_240529-61_altmuenster-am-traunsee_wohnhaus-am-see_schreyerdavid-700x440.jpg 700w, https:\/\/maul-architekten.com\/wp-content\/uploads\/2024\/06\/5_240529-61_altmuenster-am-traunsee_wohnhaus-am-see_schreyerdavid-768x483.jpg 768w, https:\/\/maul-architekten.com\/wp-content\/uploads\/2024\/06\/5_240529-61_altmuenster-am-traunsee_wohnhaus-am-see_schreyerdavid-192x121.jpg 192w\" sizes=\"auto, (max-width: 1000px) 100vw, 1000px\" \/><\/li>\n                <li style=\"display: none; width: 100%;\" class=\"slide-3170 ms-image \" aria-roledescription=\"slide\" data-date=\"2024-06-24 11:25:31\" data-filename=\"6_240529-65_altmuenster-am-traunsee_wohnhaus-am-see_schreyerdavid.jpg\" data-slide-type=\"image\"><img loading=\"lazy\" decoding=\"async\" width=\"1000\" height=\"789\" src=\"https:\/\/maul-architekten.com\/wp-content\/uploads\/2024\/06\/6_240529-65_altmuenster-am-traunsee_wohnhaus-am-see_schreyerdavid.jpg\" class=\"slider-2962 slide-3170 msDefaultImage\" alt=\"\" rel=\"\" title=\"\" style=\"margin: 0 auto; width: 84.537389100127%\" srcset=\"https:\/\/maul-architekten.com\/wp-content\/uploads\/2024\/06\/6_240529-65_altmuenster-am-traunsee_wohnhaus-am-see_schreyerdavid.jpg 1000w, https:\/\/maul-architekten.com\/wp-content\/uploads\/2024\/06\/6_240529-65_altmuenster-am-traunsee_wohnhaus-am-see_schreyerdavid-300x237.jpg 300w, https:\/\/maul-architekten.com\/wp-content\/uploads\/2024\/06\/6_240529-65_altmuenster-am-traunsee_wohnhaus-am-see_schreyerdavid-700x552.jpg 700w, https:\/\/maul-architekten.com\/wp-content\/uploads\/2024\/06\/6_240529-65_altmuenster-am-traunsee_wohnhaus-am-see_schreyerdavid-768x606.jpg 768w, https:\/\/maul-architekten.com\/wp-content\/uploads\/2024\/06\/6_240529-65_altmuenster-am-traunsee_wohnhaus-am-see_schreyerdavid-192x151.jpg 192w\" sizes=\"auto, (max-width: 1000px) 100vw, 1000px\" \/><\/li>\n                <li style=\"display: none; width: 100%;\" class=\"slide-3171 ms-image \" aria-roledescription=\"slide\" data-date=\"2024-06-24 11:25:31\" data-filename=\"7_240529-76_altmuenster-am-traunsee_wohnhaus-am-see_schreyerdavid.jpg\" data-slide-type=\"image\"><img loading=\"lazy\" decoding=\"async\" width=\"1000\" height=\"789\" src=\"https:\/\/maul-architekten.com\/wp-content\/uploads\/2024\/06\/7_240529-76_altmuenster-am-traunsee_wohnhaus-am-see_schreyerdavid.jpg\" class=\"slider-2962 slide-3171 msDefaultImage\" alt=\"\" rel=\"\" title=\"\" style=\"margin: 0 auto; width: 84.537389100127%\" srcset=\"https:\/\/maul-architekten.com\/wp-content\/uploads\/2024\/06\/7_240529-76_altmuenster-am-traunsee_wohnhaus-am-see_schreyerdavid.jpg 1000w, https:\/\/maul-architekten.com\/wp-content\/uploads\/2024\/06\/7_240529-76_altmuenster-am-traunsee_wohnhaus-am-see_schreyerdavid-300x237.jpg 300w, https:\/\/maul-architekten.com\/wp-content\/uploads\/2024\/06\/7_240529-76_altmuenster-am-traunsee_wohnhaus-am-see_schreyerdavid-700x552.jpg 700w, https:\/\/maul-architekten.com\/wp-content\/uploads\/2024\/06\/7_240529-76_altmuenster-am-traunsee_wohnhaus-am-see_schreyerdavid-768x606.jpg 768w, https:\/\/maul-architekten.com\/wp-content\/uploads\/2024\/06\/7_240529-76_altmuenster-am-traunsee_wohnhaus-am-see_schreyerdavid-192x151.jpg 192w\" sizes=\"auto, (max-width: 1000px) 100vw, 1000px\" \/><\/li>\n                <li style=\"display: none; width: 100%;\" class=\"slide-3172 ms-image \" aria-roledescription=\"slide\" data-date=\"2024-06-24 11:25:31\" data-filename=\"8_240529-90_altmuenster-am-traunsee_wohnhaus-am-see_schreyerdavid.jpg\" data-slide-type=\"image\"><img loading=\"lazy\" decoding=\"async\" width=\"1000\" height=\"789\" src=\"https:\/\/maul-architekten.com\/wp-content\/uploads\/2024\/06\/8_240529-90_altmuenster-am-traunsee_wohnhaus-am-see_schreyerdavid.jpg\" class=\"slider-2962 slide-3172 msDefaultImage\" alt=\"\" rel=\"\" title=\"\" style=\"margin: 0 auto; width: 84.537389100127%\" srcset=\"https:\/\/maul-architekten.com\/wp-content\/uploads\/2024\/06\/8_240529-90_altmuenster-am-traunsee_wohnhaus-am-see_schreyerdavid.jpg 1000w, https:\/\/maul-architekten.com\/wp-content\/uploads\/2024\/06\/8_240529-90_altmuenster-am-traunsee_wohnhaus-am-see_schreyerdavid-300x237.jpg 300w, https:\/\/maul-architekten.com\/wp-content\/uploads\/2024\/06\/8_240529-90_altmuenster-am-traunsee_wohnhaus-am-see_schreyerdavid-700x552.jpg 700w, https:\/\/maul-architekten.com\/wp-content\/uploads\/2024\/06\/8_240529-90_altmuenster-am-traunsee_wohnhaus-am-see_schreyerdavid-768x606.jpg 768w, https:\/\/maul-architekten.com\/wp-content\/uploads\/2024\/06\/8_240529-90_altmuenster-am-traunsee_wohnhaus-am-see_schreyerdavid-192x151.jpg 192w\" sizes=\"auto, (max-width: 1000px) 100vw, 1000px\" \/><\/li>\n                <li style=\"display: none; width: 100%;\" class=\"slide-3173 ms-image \" aria-roledescription=\"slide\" data-date=\"2024-06-24 11:25:31\" data-filename=\"9_240529-85_altmuenster-am-traunsee_wohnhaus-am-see_schreyerdavid.jpg\" data-slide-type=\"image\"><img loading=\"lazy\" decoding=\"async\" width=\"1000\" height=\"789\" src=\"https:\/\/maul-architekten.com\/wp-content\/uploads\/2024\/06\/9_240529-85_altmuenster-am-traunsee_wohnhaus-am-see_schreyerdavid.jpg\" class=\"slider-2962 slide-3173 msDefaultImage\" alt=\"\" rel=\"\" title=\"\" style=\"margin: 0 auto; width: 84.537389100127%\" srcset=\"https:\/\/maul-architekten.com\/wp-content\/uploads\/2024\/06\/9_240529-85_altmuenster-am-traunsee_wohnhaus-am-see_schreyerdavid.jpg 1000w, https:\/\/maul-architekten.com\/wp-content\/uploads\/2024\/06\/9_240529-85_altmuenster-am-traunsee_wohnhaus-am-see_schreyerdavid-300x237.jpg 300w, https:\/\/maul-architekten.com\/wp-content\/uploads\/2024\/06\/9_240529-85_altmuenster-am-traunsee_wohnhaus-am-see_schreyerdavid-700x552.jpg 700w, https:\/\/maul-architekten.com\/wp-content\/uploads\/2024\/06\/9_240529-85_altmuenster-am-traunsee_wohnhaus-am-see_schreyerdavid-768x606.jpg 768w, https:\/\/maul-architekten.com\/wp-content\/uploads\/2024\/06\/9_240529-85_altmuenster-am-traunsee_wohnhaus-am-see_schreyerdavid-192x151.jpg 192w\" sizes=\"auto, (max-width: 1000px) 100vw, 1000px\" \/><\/li>\n                <li style=\"display: none; width: 100%;\" class=\"slide-3174 ms-image \" aria-roledescription=\"slide\" data-date=\"2024-06-24 11:25:31\" data-filename=\"10_240529-100_altmuenster-am-traunsee_wohnhaus-am-see_schreyerdavid.jpg\" data-slide-type=\"image\"><img loading=\"lazy\" decoding=\"async\" width=\"1000\" height=\"629\" src=\"https:\/\/maul-architekten.com\/wp-content\/uploads\/2024\/06\/10_240529-100_altmuenster-am-traunsee_wohnhaus-am-see_schreyerdavid.jpg\" class=\"slider-2962 slide-3174 msDefaultImage\" alt=\"\" rel=\"\" title=\"\" style=\"margin-top: 1.9%\" srcset=\"https:\/\/maul-architekten.com\/wp-content\/uploads\/2024\/06\/10_240529-100_altmuenster-am-traunsee_wohnhaus-am-see_schreyerdavid.jpg 1000w, https:\/\/maul-architekten.com\/wp-content\/uploads\/2024\/06\/10_240529-100_altmuenster-am-traunsee_wohnhaus-am-see_schreyerdavid-300x189.jpg 300w, https:\/\/maul-architekten.com\/wp-content\/uploads\/2024\/06\/10_240529-100_altmuenster-am-traunsee_wohnhaus-am-see_schreyerdavid-700x440.jpg 700w, https:\/\/maul-architekten.com\/wp-content\/uploads\/2024\/06\/10_240529-100_altmuenster-am-traunsee_wohnhaus-am-see_schreyerdavid-768x483.jpg 768w, https:\/\/maul-architekten.com\/wp-content\/uploads\/2024\/06\/10_240529-100_altmuenster-am-traunsee_wohnhaus-am-see_schreyerdavid-192x121.jpg 192w\" sizes=\"auto, (max-width: 1000px) 100vw, 1000px\" \/><\/li>\n                <li style=\"display: none; width: 100%;\" class=\"slide-3005 ms-image \" aria-roledescription=\"slide\" data-date=\"2023-07-27 16:10:58\" data-filename=\"01-037_Lageplan.jpg\" data-slide-type=\"image\"><img loading=\"lazy\" decoding=\"async\" width=\"1000\" height=\"667\" src=\"https:\/\/maul-architekten.com\/wp-content\/uploads\/2023\/07\/01-037_Lageplan.jpg\" class=\"slider-2962 slide-3005 msDefaultImage\" alt=\"\" rel=\"\" title=\"\" style=\"margin: 0 auto; width: 100%\" srcset=\"https:\/\/maul-architekten.com\/wp-content\/uploads\/2023\/07\/01-037_Lageplan.jpg 1000w, https:\/\/maul-architekten.com\/wp-content\/uploads\/2023\/07\/01-037_Lageplan-300x200.jpg 300w, https:\/\/maul-architekten.com\/wp-content\/uploads\/2023\/07\/01-037_Lageplan-700x467.jpg 700w, https:\/\/maul-architekten.com\/wp-content\/uploads\/2023\/07\/01-037_Lageplan-768x512.jpg 768w, https:\/\/maul-architekten.com\/wp-content\/uploads\/2023\/07\/01-037_Lageplan-192x128.jpg 192w\" sizes=\"auto, (max-width: 1000px) 100vw, 1000px\" \/><\/li>\n                <li style=\"display: none; width: 100%;\" class=\"slide-3002 ms-image \" aria-roledescription=\"slide\" data-date=\"2023-07-27 16:05:53\" data-filename=\"01-037_E0.jpg\" data-slide-type=\"image\"><img loading=\"lazy\" decoding=\"async\" width=\"1000\" height=\"667\" src=\"https:\/\/maul-architekten.com\/wp-content\/uploads\/2023\/07\/01-037_E0.jpg\" class=\"slider-2962 slide-3002 msDefaultImage\" alt=\"\" rel=\"\" title=\"\" style=\"margin: 0 auto; width: 100%\" srcset=\"https:\/\/maul-architekten.com\/wp-content\/uploads\/2023\/07\/01-037_E0.jpg 1000w, https:\/\/maul-architekten.com\/wp-content\/uploads\/2023\/07\/01-037_E0-300x200.jpg 300w, https:\/\/maul-architekten.com\/wp-content\/uploads\/2023\/07\/01-037_E0-700x467.jpg 700w, https:\/\/maul-architekten.com\/wp-content\/uploads\/2023\/07\/01-037_E0-768x512.jpg 768w, https:\/\/maul-architekten.com\/wp-content\/uploads\/2023\/07\/01-037_E0-192x128.jpg 192w\" sizes=\"auto, (max-width: 1000px) 100vw, 1000px\" \/><\/li>\n                <li style=\"display: none; width: 100%;\" class=\"slide-3008 ms-image \" aria-roledescription=\"slide\" data-date=\"2023-07-27 16:12:05\" data-filename=\"01-037_E1.jpg\" data-slide-type=\"image\"><img loading=\"lazy\" decoding=\"async\" width=\"1000\" height=\"667\" src=\"https:\/\/maul-architekten.com\/wp-content\/uploads\/2023\/07\/01-037_E1.jpg\" class=\"slider-2962 slide-3008 msDefaultImage\" alt=\"\" rel=\"\" title=\"\" style=\"margin: 0 auto; width: 100%\" srcset=\"https:\/\/maul-architekten.com\/wp-content\/uploads\/2023\/07\/01-037_E1.jpg 1000w, https:\/\/maul-architekten.com\/wp-content\/uploads\/2023\/07\/01-037_E1-300x200.jpg 300w, https:\/\/maul-architekten.com\/wp-content\/uploads\/2023\/07\/01-037_E1-700x467.jpg 700w, https:\/\/maul-architekten.com\/wp-content\/uploads\/2023\/07\/01-037_E1-768x512.jpg 768w, https:\/\/maul-architekten.com\/wp-content\/uploads\/2023\/07\/01-037_E1-192x128.jpg 192w\" sizes=\"auto, (max-width: 1000px) 100vw, 1000px\" \/><\/li>\n                <li style=\"display: none; width: 100%;\" class=\"slide-3010 ms-image \" aria-roledescription=\"slide\" data-date=\"2023-07-27 16:12:19\" data-filename=\"01-037_Ansicht.jpg\" data-slide-type=\"image\"><img loading=\"lazy\" decoding=\"async\" width=\"1000\" height=\"667\" src=\"https:\/\/maul-architekten.com\/wp-content\/uploads\/2023\/07\/01-037_Ansicht.jpg\" class=\"slider-2962 slide-3010 msDefaultImage\" alt=\"\" rel=\"\" title=\"\" style=\"margin: 0 auto; width: 100%\" srcset=\"https:\/\/maul-architekten.com\/wp-content\/uploads\/2023\/07\/01-037_Ansicht.jpg 1000w, https:\/\/maul-architekten.com\/wp-content\/uploads\/2023\/07\/01-037_Ansicht-300x200.jpg 300w, https:\/\/maul-architekten.com\/wp-content\/uploads\/2023\/07\/01-037_Ansicht-700x467.jpg 700w, https:\/\/maul-architekten.com\/wp-content\/uploads\/2023\/07\/01-037_Ansicht-768x512.jpg 768w, https:\/\/maul-architekten.com\/wp-content\/uploads\/2023\/07\/01-037_Ansicht-192x128.jpg 192w\" sizes=\"auto, (max-width: 1000px) 100vw, 1000px\" \/><\/li>\n            <\/ul>\n        <\/div>\n        \n    <\/div>\n<\/div>\n\n\n\n<p><\/p>\n\n\n\n<p><strong>Haus E <\/strong>&#8211; Traunsee | Privat<br><br>Die markante Topographie des Traunsteins mit dem davor liegenden Traunsee bieten die einzigartige Aussicht und das Panorama, welches wir auf unterschiedlichen Ebenen f\u00fcr den Bauherrn rahmen durften. Eine ruhige Oase, welche sich gegen Westen bedeckt h\u00e4lt und die klaren Vorz\u00fcge der Berg- und Seelandschaft im Osten hervorhebt.<span style=\"color: #999999;\"><br><\/span><\/p>\n\n\n\n<p>Planung &nbsp;&nbsp;&nbsp;&nbsp;&nbsp;&nbsp;&nbsp; &nbsp;&nbsp;&nbsp;&nbsp;&nbsp;&nbsp;&nbsp; &nbsp; &nbsp; &nbsp; &nbsp; &nbsp;&nbsp;&nbsp; 2018-2020<br>Bauausf\u00fchrung &nbsp;&nbsp;&nbsp;&nbsp;&nbsp;&nbsp;&nbsp;&nbsp;&nbsp;&nbsp;&nbsp;&nbsp;&nbsp;&nbsp;&nbsp; 2021-2022<\/p>\n\n\n\n<p><\/p>\n\n\n\n<p><span style=\"color: #999999;\">Fotos &nbsp;&nbsp;&nbsp;&nbsp;&nbsp;&nbsp;&nbsp;&nbsp;&nbsp;&nbsp;&nbsp;&nbsp;&nbsp;&nbsp; &nbsp;&nbsp;            \u00a9David Schreyer | maul-architekten zt gmbh<\/span><\/p>\n","protected":false},"excerpt":{"rendered":"<p>Haus E &#8211; Traunsee | Privat Die markante Topographie des Traunsteins mit dem davor liegenden Traunsee bieten die einzigartige Aussicht und das Panorama, welches wir auf unterschiedlichen Ebenen f\u00fcr den Bauherrn rahmen durften. Eine ruhige Oase, welche sich gegen Westen bedeckt h\u00e4lt und die klaren Vorz\u00fcge der Berg- und Seelandschaft im Osten hervorhebt. Planung &nbsp;&nbsp;&nbsp;&nbsp;&nbsp;&nbsp;&nbsp; &hellip; <a href=\"https:\/\/maul-architekten.com\/?page_id=2779\" class=\"more-link\"><span class=\"screen-reader-text\">Haus E &#8211; Traunsee<\/span> weiterlesen<\/a><\/p>\n","protected":false},"author":1,"featured_media":3155,"parent":0,"menu_order":0,"comment_status":"closed","ping_status":"closed","template":"","meta":{"footnotes":""},"class_list":["post-2779","page","type-page","status-publish","has-post-thumbnail","hentry"],"_links":{"self":[{"href":"https:\/\/maul-architekten.com\/index.php?rest_route=\/wp\/v2\/pages\/2779","targetHints":{"allow":["GET"]}}],"collection":[{"href":"https:\/\/maul-architekten.com\/index.php?rest_route=\/wp\/v2\/pages"}],"about":[{"href":"https:\/\/maul-architekten.com\/index.php?rest_route=\/wp\/v2\/types\/page"}],"author":[{"embeddable":true,"href":"https:\/\/maul-architekten.com\/index.php?rest_route=\/wp\/v2\/users\/1"}],"replies":[{"embeddable":true,"href":"https:\/\/maul-architekten.com\/index.php?rest_route=%2Fwp%2Fv2%2Fcomments&post=2779"}],"version-history":[{"count":11,"href":"https:\/\/maul-architekten.com\/index.php?rest_route=\/wp\/v2\/pages\/2779\/revisions"}],"predecessor-version":[{"id":3211,"href":"https:\/\/maul-architekten.com\/index.php?rest_route=\/wp\/v2\/pages\/2779\/revisions\/3211"}],"wp:featuredmedia":[{"embeddable":true,"href":"https:\/\/maul-architekten.com\/index.php?rest_route=\/wp\/v2\/media\/3155"}],"wp:attachment":[{"href":"https:\/\/maul-architekten.com\/index.php?rest_route=%2Fwp%2Fv2%2Fmedia&parent=2779"}],"curies":[{"name":"wp","href":"https:\/\/api.w.org\/{rel}","templated":true}]}}