{"id":1730,"date":"2020-04-09T12:01:52","date_gmt":"2020-04-09T10:01:52","guid":{"rendered":"http:\/\/maul-architekten.com\/?page_id=1730"},"modified":"2022-07-05T11:20:29","modified_gmt":"2022-07-05T09:20:29","slug":"wohnbau-oberbach","status":"publish","type":"page","link":"https:\/\/maul-architekten.com\/?page_id=1730","title":{"rendered":"Wohnbau Oberbach"},"content":{"rendered":"\n<div id=\"metaslider-id-1741\" style=\"max-width: 1000px;\" class=\"ml-slider-3-108-0 metaslider metaslider-flex metaslider-1741 ml-slider ms-theme-default nav-hidden\" role=\"region\" aria-label=\"wohnbau oberbach\" data-height=\"667\" data-width=\"1000\">\n    <div id=\"metaslider_container_1741\">\n        <div id=\"metaslider_1741\">\n            <ul class='slides'>\n                <li style=\"display: block; width: 100%;\" class=\"slide-2219 ms-image \" aria-roledescription=\"slide\" data-date=\"2022-06-30 16:25:21\" data-filename=\"027_MG_5422-2.jpg\" data-slide-type=\"image\"><img loading=\"lazy\" decoding=\"async\" width=\"1000\" height=\"667\" src=\"https:\/\/maul-architekten.com\/wp-content\/uploads\/2022\/07\/027_MG_5422-2.jpg\" class=\"slider-1741 slide-2219 msDefaultImage\" alt=\"\" rel=\"\" title=\"\" style=\"margin: 0 auto; width: 100%\" srcset=\"https:\/\/maul-architekten.com\/wp-content\/uploads\/2022\/07\/027_MG_5422-2.jpg 1000w, https:\/\/maul-architekten.com\/wp-content\/uploads\/2022\/07\/027_MG_5422-2-300x200.jpg 300w, https:\/\/maul-architekten.com\/wp-content\/uploads\/2022\/07\/027_MG_5422-2-700x467.jpg 700w, https:\/\/maul-architekten.com\/wp-content\/uploads\/2022\/07\/027_MG_5422-2-768x512.jpg 768w, https:\/\/maul-architekten.com\/wp-content\/uploads\/2022\/07\/027_MG_5422-2-192x128.jpg 192w\" sizes=\"auto, (max-width: 1000px) 100vw, 1000px\" \/><\/li>\n                <li style=\"display: none; width: 100%;\" class=\"slide-2223 ms-image \" aria-roledescription=\"slide\" data-date=\"2022-06-30 16:27:38\" data-filename=\"025_MG_5398.jpg\" data-slide-type=\"image\"><img loading=\"lazy\" decoding=\"async\" width=\"667\" height=\"1000\" src=\"https:\/\/maul-architekten.com\/wp-content\/uploads\/2022\/07\/025_MG_5398.jpg\" class=\"slider-1741 slide-2223 msDefaultImage\" alt=\"\" rel=\"\" title=\"\" style=\"margin: 0 auto; width: 44.4889%\" srcset=\"https:\/\/maul-architekten.com\/wp-content\/uploads\/2022\/07\/025_MG_5398.jpg 667w, https:\/\/maul-architekten.com\/wp-content\/uploads\/2022\/07\/025_MG_5398-200x300.jpg 200w, https:\/\/maul-architekten.com\/wp-content\/uploads\/2022\/07\/025_MG_5398-128x192.jpg 128w\" sizes=\"auto, (max-width: 667px) 100vw, 667px\" \/><\/li>\n                <li style=\"display: none; width: 100%;\" class=\"slide-2221 ms-image \" aria-roledescription=\"slide\" data-date=\"2022-06-30 16:26:12\" data-filename=\"026_MG_5415-3.jpg\" data-slide-type=\"image\"><img loading=\"lazy\" decoding=\"async\" width=\"667\" height=\"1000\" src=\"https:\/\/maul-architekten.com\/wp-content\/uploads\/2022\/07\/026_MG_5415-3.jpg\" class=\"slider-1741 slide-2221 msDefaultImage\" alt=\"\" rel=\"\" title=\"\" style=\"margin: 0 auto; width: 44.4889%\" srcset=\"https:\/\/maul-architekten.com\/wp-content\/uploads\/2022\/07\/026_MG_5415-3.jpg 667w, https:\/\/maul-architekten.com\/wp-content\/uploads\/2022\/07\/026_MG_5415-3-200x300.jpg 200w, https:\/\/maul-architekten.com\/wp-content\/uploads\/2022\/07\/026_MG_5415-3-128x192.jpg 128w\" sizes=\"auto, (max-width: 667px) 100vw, 667px\" \/><\/li>\n                <li style=\"display: none; width: 100%;\" class=\"slide-2225 ms-image \" aria-roledescription=\"slide\" data-date=\"2022-06-30 16:28:20\" data-filename=\"007_MG_5014.jpg\" data-slide-type=\"image\"><img loading=\"lazy\" decoding=\"async\" width=\"667\" height=\"1000\" src=\"https:\/\/maul-architekten.com\/wp-content\/uploads\/2022\/07\/007_MG_5014.jpg\" class=\"slider-1741 slide-2225 msDefaultImage\" alt=\"\" rel=\"\" title=\"\" style=\"margin: 0 auto; width: 44.4889%\" srcset=\"https:\/\/maul-architekten.com\/wp-content\/uploads\/2022\/07\/007_MG_5014.jpg 667w, https:\/\/maul-architekten.com\/wp-content\/uploads\/2022\/07\/007_MG_5014-200x300.jpg 200w, https:\/\/maul-architekten.com\/wp-content\/uploads\/2022\/07\/007_MG_5014-128x192.jpg 128w\" sizes=\"auto, (max-width: 667px) 100vw, 667px\" \/><\/li>\n                <li style=\"display: none; width: 100%;\" class=\"slide-2227 ms-image \" aria-roledescription=\"slide\" data-date=\"2022-06-30 16:29:02\" data-filename=\"013_MG_5114.jpg\" data-slide-type=\"image\"><img loading=\"lazy\" decoding=\"async\" width=\"667\" height=\"1000\" src=\"https:\/\/maul-architekten.com\/wp-content\/uploads\/2022\/07\/013_MG_5114.jpg\" class=\"slider-1741 slide-2227 msDefaultImage\" alt=\"\" rel=\"\" title=\"\" style=\"margin: 0 auto; width: 44.4889%\" srcset=\"https:\/\/maul-architekten.com\/wp-content\/uploads\/2022\/07\/013_MG_5114.jpg 667w, https:\/\/maul-architekten.com\/wp-content\/uploads\/2022\/07\/013_MG_5114-200x300.jpg 200w, https:\/\/maul-architekten.com\/wp-content\/uploads\/2022\/07\/013_MG_5114-128x192.jpg 128w\" sizes=\"auto, (max-width: 667px) 100vw, 667px\" \/><\/li>\n                <li style=\"display: none; width: 100%;\" class=\"slide-2235 ms-image \" aria-roledescription=\"slide\" data-date=\"2022-06-30 16:32:09\" data-filename=\"024_MG_540910_1.jpg\" data-slide-type=\"image\"><img loading=\"lazy\" decoding=\"async\" width=\"832\" height=\"1000\" src=\"https:\/\/maul-architekten.com\/wp-content\/uploads\/2022\/07\/024_MG_540910_1.jpg\" class=\"slider-1741 slide-2235 msDefaultImage\" alt=\"\" rel=\"\" title=\"\" style=\"margin: 0 auto; width: 55.4944%\" srcset=\"https:\/\/maul-architekten.com\/wp-content\/uploads\/2022\/07\/024_MG_540910_1.jpg 832w, https:\/\/maul-architekten.com\/wp-content\/uploads\/2022\/07\/024_MG_540910_1-250x300.jpg 250w, https:\/\/maul-architekten.com\/wp-content\/uploads\/2022\/07\/024_MG_540910_1-700x841.jpg 700w, https:\/\/maul-architekten.com\/wp-content\/uploads\/2022\/07\/024_MG_540910_1-768x923.jpg 768w, https:\/\/maul-architekten.com\/wp-content\/uploads\/2022\/07\/024_MG_540910_1-160x192.jpg 160w\" sizes=\"auto, (max-width: 832px) 100vw, 832px\" \/><\/li>\n                <li style=\"display: none; width: 100%;\" class=\"slide-2229 ms-image \" aria-roledescription=\"slide\" data-date=\"2022-06-30 16:30:26\" data-filename=\"017-018.jpg\" data-slide-type=\"image\"><img loading=\"lazy\" decoding=\"async\" width=\"1000\" height=\"667\" src=\"https:\/\/maul-architekten.com\/wp-content\/uploads\/2022\/07\/017-018.jpg\" class=\"slider-1741 slide-2229 msDefaultImage\" alt=\"\" rel=\"\" title=\"\" style=\"margin: 0 auto; width: 100%\" srcset=\"https:\/\/maul-architekten.com\/wp-content\/uploads\/2022\/07\/017-018.jpg 1000w, https:\/\/maul-architekten.com\/wp-content\/uploads\/2022\/07\/017-018-300x200.jpg 300w, https:\/\/maul-architekten.com\/wp-content\/uploads\/2022\/07\/017-018-700x467.jpg 700w, https:\/\/maul-architekten.com\/wp-content\/uploads\/2022\/07\/017-018-768x512.jpg 768w, https:\/\/maul-architekten.com\/wp-content\/uploads\/2022\/07\/017-018-192x128.jpg 192w\" sizes=\"auto, (max-width: 1000px) 100vw, 1000px\" \/><\/li>\n                <li style=\"display: none; width: 100%;\" class=\"slide-2378 ms-image \" aria-roledescription=\"slide\" data-date=\"2022-07-04 10:51:48\" data-filename=\"020_MG_5194-1.jpg\" data-slide-type=\"image\"><img loading=\"lazy\" decoding=\"async\" width=\"1000\" height=\"667\" src=\"https:\/\/maul-architekten.com\/wp-content\/uploads\/2022\/07\/020_MG_5194-1.jpg\" class=\"slider-1741 slide-2378 msDefaultImage\" alt=\"\" rel=\"\" title=\"\" style=\"margin: 0 auto; width: 100%\" srcset=\"https:\/\/maul-architekten.com\/wp-content\/uploads\/2022\/07\/020_MG_5194-1.jpg 1000w, https:\/\/maul-architekten.com\/wp-content\/uploads\/2022\/07\/020_MG_5194-1-300x200.jpg 300w, https:\/\/maul-architekten.com\/wp-content\/uploads\/2022\/07\/020_MG_5194-1-700x467.jpg 700w, https:\/\/maul-architekten.com\/wp-content\/uploads\/2022\/07\/020_MG_5194-1-768x512.jpg 768w, https:\/\/maul-architekten.com\/wp-content\/uploads\/2022\/07\/020_MG_5194-1-192x128.jpg 192w\" sizes=\"auto, (max-width: 1000px) 100vw, 1000px\" \/><\/li>\n                <li style=\"display: none; width: 100%;\" class=\"slide-1800 ms-image \" aria-roledescription=\"slide\" data-date=\"2020-04-09 15:37:04\" data-filename=\"HP-mit-B\u00e4umen-1-2-scaled.jpg\" data-slide-type=\"image\"><img loading=\"lazy\" decoding=\"async\" width=\"2560\" height=\"1708\" src=\"https:\/\/maul-architekten.com\/wp-content\/uploads\/2020\/04\/HP-mit-B\u00e4umen-1-2-scaled.jpg\" class=\"slider-1741 slide-1800 msDefaultImage\" alt=\"\" rel=\"\" title=\"\" style=\"margin: 0 auto; width: 99.971896955504%\" srcset=\"https:\/\/maul-architekten.com\/wp-content\/uploads\/2020\/04\/HP-mit-B\u00e4umen-1-2-scaled.jpg 2560w, https:\/\/maul-architekten.com\/wp-content\/uploads\/2020\/04\/HP-mit-B\u00e4umen-1-2-300x200.jpg 300w, https:\/\/maul-architekten.com\/wp-content\/uploads\/2020\/04\/HP-mit-B\u00e4umen-1-2-700x467.jpg 700w, https:\/\/maul-architekten.com\/wp-content\/uploads\/2020\/04\/HP-mit-B\u00e4umen-1-2-768x512.jpg 768w, https:\/\/maul-architekten.com\/wp-content\/uploads\/2020\/04\/HP-mit-B\u00e4umen-1-2-1536x1025.jpg 1536w, https:\/\/maul-architekten.com\/wp-content\/uploads\/2020\/04\/HP-mit-B\u00e4umen-1-2-2048x1366.jpg 2048w, https:\/\/maul-architekten.com\/wp-content\/uploads\/2020\/04\/HP-mit-B\u00e4umen-1-2-192x128.jpg 192w\" sizes=\"auto, (max-width: 2560px) 100vw, 2560px\" \/><\/li>\n                <li style=\"display: none; width: 100%;\" class=\"slide-1789 ms-image \" aria-roledescription=\"slide\" data-date=\"2020-04-09 13:23:37\" data-filename=\"HP-mit-B\u00e4umen-2-scaled.jpg\" data-slide-type=\"image\"><img loading=\"lazy\" decoding=\"async\" width=\"2560\" height=\"1707\" src=\"https:\/\/maul-architekten.com\/wp-content\/uploads\/2020\/04\/HP-mit-B\u00e4umen-2-scaled.jpg\" class=\"slider-1741 slide-1789 msDefaultImage\" alt=\"\" rel=\"\" title=\"\" style=\"margin-top: 0.01015625%\" srcset=\"https:\/\/maul-architekten.com\/wp-content\/uploads\/2020\/04\/HP-mit-B\u00e4umen-2-scaled.jpg 2560w, https:\/\/maul-architekten.com\/wp-content\/uploads\/2020\/04\/HP-mit-B\u00e4umen-2-300x200.jpg 300w, https:\/\/maul-architekten.com\/wp-content\/uploads\/2020\/04\/HP-mit-B\u00e4umen-2-700x467.jpg 700w, https:\/\/maul-architekten.com\/wp-content\/uploads\/2020\/04\/HP-mit-B\u00e4umen-2-768x512.jpg 768w, https:\/\/maul-architekten.com\/wp-content\/uploads\/2020\/04\/HP-mit-B\u00e4umen-2-1536x1024.jpg 1536w, https:\/\/maul-architekten.com\/wp-content\/uploads\/2020\/04\/HP-mit-B\u00e4umen-2-2048x1366.jpg 2048w, https:\/\/maul-architekten.com\/wp-content\/uploads\/2020\/04\/HP-mit-B\u00e4umen-2-192x128.jpg 192w\" sizes=\"auto, (max-width: 2560px) 100vw, 2560px\" \/><\/li>\n                <li style=\"display: none; width: 100%;\" class=\"slide-1743 ms-image \" aria-roledescription=\"slide\" data-date=\"2020-04-09 12:06:23\" data-filename=\"visualisierung.jpg\" data-slide-type=\"image\"><img loading=\"lazy\" decoding=\"async\" width=\"1000\" height=\"667\" src=\"https:\/\/maul-architekten.com\/wp-content\/uploads\/2020\/04\/visualisierung.jpg\" class=\"slider-1741 slide-1743 msDefaultImage\" alt=\"\" rel=\"\" title=\"\" style=\"margin: 0 auto; width: 100%\" srcset=\"https:\/\/maul-architekten.com\/wp-content\/uploads\/2020\/04\/visualisierung.jpg 1000w, https:\/\/maul-architekten.com\/wp-content\/uploads\/2020\/04\/visualisierung-300x200.jpg 300w, https:\/\/maul-architekten.com\/wp-content\/uploads\/2020\/04\/visualisierung-700x467.jpg 700w, https:\/\/maul-architekten.com\/wp-content\/uploads\/2020\/04\/visualisierung-768x512.jpg 768w, https:\/\/maul-architekten.com\/wp-content\/uploads\/2020\/04\/visualisierung-192x128.jpg 192w\" sizes=\"auto, (max-width: 1000px) 100vw, 1000px\" \/><\/li>\n                <li style=\"display: none; width: 100%;\" class=\"slide-1745 ms-image \" aria-roledescription=\"slide\" data-date=\"2020-04-09 12:06:35\" data-filename=\"materialien.jpg\" data-slide-type=\"image\"><img loading=\"lazy\" decoding=\"async\" width=\"1000\" height=\"667\" src=\"https:\/\/maul-architekten.com\/wp-content\/uploads\/2020\/04\/materialien.jpg\" class=\"slider-1741 slide-1745 msDefaultImage\" alt=\"\" rel=\"\" title=\"\" style=\"margin: 0 auto; width: 100%\" srcset=\"https:\/\/maul-architekten.com\/wp-content\/uploads\/2020\/04\/materialien.jpg 1000w, https:\/\/maul-architekten.com\/wp-content\/uploads\/2020\/04\/materialien-300x200.jpg 300w, https:\/\/maul-architekten.com\/wp-content\/uploads\/2020\/04\/materialien-700x467.jpg 700w, https:\/\/maul-architekten.com\/wp-content\/uploads\/2020\/04\/materialien-768x512.jpg 768w, https:\/\/maul-architekten.com\/wp-content\/uploads\/2020\/04\/materialien-192x128.jpg 192w\" sizes=\"auto, (max-width: 1000px) 100vw, 1000px\" \/><\/li>\n            <\/ul>\n        <\/div>\n        \n    <\/div>\n<\/div>\n\n\n\n<p><\/p>\n\n\n\n<p><strong>Wohnbau Oberbach \u2013 Attersee am Attersee, O\u00d6<\/strong><\/p>\n\n\n\n<p>In unmittelbarer N\u00e4he zum Ufer des Attersees, im Ortsteil Oberbach, entsteht eine neue Wohnanlage mit insgesamt 6 Wohneinheiten. Zum Teil in den bestehenden Hang eingebettet, befinden sich in der unteren Ebene Stellpl\u00e4tze und Nebenr\u00e4ume, dar\u00fcberliegend zwei Wohngeschosse mit angrenzendem Gemeinschaftsgarten und Kinderspielplatz.<br>Ein Hauptaugenmerk des neuen Wohnhauses bildet die gro\u00dfz\u00fcgige, umlaufende und \u00fcberdachte Balkonzone &#8211; dieser vorgeh\u00e4ngte, private Freibereich bietet ausreichend Platz, der ganztags zum verweilen einl\u00e4dt, erweitert den Wohnraum und schafft die n\u00f6tige Distanz zu den privaten Innenbereichen.<\/p>\n\n\n\n<p>Planung&nbsp;&nbsp;&nbsp;&nbsp;&nbsp;&nbsp;&nbsp;&nbsp;&nbsp;&nbsp;&nbsp;&nbsp;&nbsp;&nbsp;&nbsp;&nbsp; &nbsp; 2019 | 2020<br>Bauausf\u00fchrung&nbsp;&nbsp;&nbsp; &nbsp;&nbsp;&nbsp;  2020 | 2021<\/p>\n\n\n\n<p class=\"has-cyan-bluish-gray-color has-text-color\">Foto\u00a0\u00a0\u00a0\u00a0\u00a0\u00a0\u00a0\u00a0\u00a0\u00a0\u00a0\u00a0\u00a0\u00a0             \u00a9Edith Maul-R\u00f6der | maul-architekten zt gmbh<br> <\/p>\n\n\n<p><!--EndFragment--><\/p>","protected":false},"excerpt":{"rendered":"<p>Wohnbau Oberbach \u2013 Attersee am Attersee, O\u00d6 In unmittelbarer N\u00e4he zum Ufer des Attersees, im Ortsteil Oberbach, entsteht eine neue Wohnanlage mit insgesamt 6 Wohneinheiten. Zum Teil in den bestehenden Hang eingebettet, befinden sich in der unteren Ebene Stellpl\u00e4tze und Nebenr\u00e4ume, dar\u00fcberliegend zwei Wohngeschosse mit angrenzendem Gemeinschaftsgarten und Kinderspielplatz.Ein Hauptaugenmerk des neuen Wohnhauses bildet die &hellip; <a href=\"https:\/\/maul-architekten.com\/?page_id=1730\" class=\"more-link\"><span class=\"screen-reader-text\">Wohnbau Oberbach<\/span> weiterlesen<\/a><\/p>\n","protected":false},"author":1,"featured_media":1742,"parent":0,"menu_order":0,"comment_status":"closed","ping_status":"closed","template":"","meta":{"footnotes":""},"class_list":["post-1730","page","type-page","status-publish","has-post-thumbnail","hentry"],"_links":{"self":[{"href":"https:\/\/maul-architekten.com\/index.php?rest_route=\/wp\/v2\/pages\/1730","targetHints":{"allow":["GET"]}}],"collection":[{"href":"https:\/\/maul-architekten.com\/index.php?rest_route=\/wp\/v2\/pages"}],"about":[{"href":"https:\/\/maul-architekten.com\/index.php?rest_route=\/wp\/v2\/types\/page"}],"author":[{"embeddable":true,"href":"https:\/\/maul-architekten.com\/index.php?rest_route=\/wp\/v2\/users\/1"}],"replies":[{"embeddable":true,"href":"https:\/\/maul-architekten.com\/index.php?rest_route=%2Fwp%2Fv2%2Fcomments&post=1730"}],"version-history":[{"count":12,"href":"https:\/\/maul-architekten.com\/index.php?rest_route=\/wp\/v2\/pages\/1730\/revisions"}],"predecessor-version":[{"id":2454,"href":"https:\/\/maul-architekten.com\/index.php?rest_route=\/wp\/v2\/pages\/1730\/revisions\/2454"}],"wp:featuredmedia":[{"embeddable":true,"href":"https:\/\/maul-architekten.com\/index.php?rest_route=\/wp\/v2\/media\/1742"}],"wp:attachment":[{"href":"https:\/\/maul-architekten.com\/index.php?rest_route=%2Fwp%2Fv2%2Fmedia&parent=1730"}],"curies":[{"name":"wp","href":"https:\/\/api.w.org\/{rel}","templated":true}]}}