{"id":163,"date":"2017-11-05T18:22:09","date_gmt":"2017-11-05T16:22:09","guid":{"rendered":"http:\/\/maul-architekten.com\/?page_id=163"},"modified":"2023-07-12T15:04:18","modified_gmt":"2023-07-12T13:04:18","slug":"badehaus-fam-s","status":"publish","type":"page","link":"https:\/\/maul-architekten.com\/?page_id=163","title":{"rendered":"Badehaus S \u2013 Unterach am Attersee, O\u00d6"},"content":{"rendered":"<div id=\"metaslider-id-159\" style=\"max-width: 1000px;\" class=\"ml-slider-3-107-0 metaslider metaslider-flex metaslider-159 ml-slider ms-theme-default nav-hidden\" role=\"region\" aria-label=\"Badehaus S - Unterach\" data-height=\"667\" data-width=\"1000\">\n    <div id=\"metaslider_container_159\">\n        <div id=\"metaslider_159\">\n            <ul class='slides'>\n                <li style=\"display: block; width: 100%;\" class=\"slide-313 ms-image \" aria-roledescription=\"slide\" data-date=\"2018-01-05 13:27:16\" data-filename=\"Badehaus-S-1.jpg\" data-slide-type=\"image\"><img loading=\"lazy\" decoding=\"async\" width=\"974\" height=\"650\" src=\"https:\/\/maul-architekten.com\/wp-content\/uploads\/2018\/01\/Badehaus-S-1.jpg\" class=\"slider-159 slide-313 msDefaultImage\" alt=\"\" rel=\"\" title=\"\" style=\"margin: 0 auto; width: 99.947384615385%\" srcset=\"https:\/\/maul-architekten.com\/wp-content\/uploads\/2018\/01\/Badehaus-S-1.jpg 974w, https:\/\/maul-architekten.com\/wp-content\/uploads\/2018\/01\/Badehaus-S-1-300x200.jpg 300w, https:\/\/maul-architekten.com\/wp-content\/uploads\/2018\/01\/Badehaus-S-1-768x513.jpg 768w, https:\/\/maul-architekten.com\/wp-content\/uploads\/2018\/01\/Badehaus-S-1-700x467.jpg 700w, https:\/\/maul-architekten.com\/wp-content\/uploads\/2018\/01\/Badehaus-S-1-192x128.jpg 192w\" sizes=\"auto, (max-width: 974px) 100vw, 974px\" \/><\/li>\n                <li style=\"display: none; width: 100%;\" class=\"slide-314 ms-image \" aria-roledescription=\"slide\" data-date=\"2018-01-05 13:27:47\" data-filename=\"Badehaus-S-2.jpg\" data-slide-type=\"image\"><img loading=\"lazy\" decoding=\"async\" width=\"1000\" height=\"667\" src=\"https:\/\/maul-architekten.com\/wp-content\/uploads\/2018\/01\/Badehaus-S-2.jpg\" class=\"slider-159 slide-314 msDefaultImage\" alt=\"\" rel=\"\" title=\"\" style=\"margin: 0 auto; width: 100%\" srcset=\"https:\/\/maul-architekten.com\/wp-content\/uploads\/2018\/01\/Badehaus-S-2.jpg 1000w, https:\/\/maul-architekten.com\/wp-content\/uploads\/2018\/01\/Badehaus-S-2-300x200.jpg 300w, https:\/\/maul-architekten.com\/wp-content\/uploads\/2018\/01\/Badehaus-S-2-768x512.jpg 768w, https:\/\/maul-architekten.com\/wp-content\/uploads\/2018\/01\/Badehaus-S-2-700x467.jpg 700w, https:\/\/maul-architekten.com\/wp-content\/uploads\/2018\/01\/Badehaus-S-2-192x128.jpg 192w\" sizes=\"auto, (max-width: 1000px) 100vw, 1000px\" \/><\/li>\n                <li style=\"display: none; width: 100%;\" class=\"slide-316 ms-image \" aria-roledescription=\"slide\" data-date=\"2018-01-05 13:28:10\" data-filename=\"Badehaus-S-3.jpg\" data-slide-type=\"image\"><img loading=\"lazy\" decoding=\"async\" width=\"1000\" height=\"667\" src=\"https:\/\/maul-architekten.com\/wp-content\/uploads\/2018\/01\/Badehaus-S-3.jpg\" class=\"slider-159 slide-316 msDefaultImage\" alt=\"\" rel=\"\" title=\"\" style=\"margin: 0 auto; width: 100%\" srcset=\"https:\/\/maul-architekten.com\/wp-content\/uploads\/2018\/01\/Badehaus-S-3.jpg 1000w, https:\/\/maul-architekten.com\/wp-content\/uploads\/2018\/01\/Badehaus-S-3-300x200.jpg 300w, https:\/\/maul-architekten.com\/wp-content\/uploads\/2018\/01\/Badehaus-S-3-768x512.jpg 768w, https:\/\/maul-architekten.com\/wp-content\/uploads\/2018\/01\/Badehaus-S-3-700x467.jpg 700w, https:\/\/maul-architekten.com\/wp-content\/uploads\/2018\/01\/Badehaus-S-3-192x128.jpg 192w\" sizes=\"auto, (max-width: 1000px) 100vw, 1000px\" \/><\/li>\n                <li style=\"display: none; width: 100%;\" class=\"slide-318 ms-image \" aria-roledescription=\"slide\" data-date=\"2018-01-05 13:28:19\" data-filename=\"Badehaus-S-4.jpg\" data-slide-type=\"image\"><img loading=\"lazy\" decoding=\"async\" width=\"1000\" height=\"667\" src=\"https:\/\/maul-architekten.com\/wp-content\/uploads\/2018\/01\/Badehaus-S-4.jpg\" class=\"slider-159 slide-318 msDefaultImage\" alt=\"\" rel=\"\" title=\"\" style=\"margin: 0 auto; width: 100%\" srcset=\"https:\/\/maul-architekten.com\/wp-content\/uploads\/2018\/01\/Badehaus-S-4.jpg 1000w, https:\/\/maul-architekten.com\/wp-content\/uploads\/2018\/01\/Badehaus-S-4-300x200.jpg 300w, https:\/\/maul-architekten.com\/wp-content\/uploads\/2018\/01\/Badehaus-S-4-768x512.jpg 768w, https:\/\/maul-architekten.com\/wp-content\/uploads\/2018\/01\/Badehaus-S-4-700x467.jpg 700w, https:\/\/maul-architekten.com\/wp-content\/uploads\/2018\/01\/Badehaus-S-4-192x128.jpg 192w\" sizes=\"auto, (max-width: 1000px) 100vw, 1000px\" \/><\/li>\n            <\/ul>\n        <\/div>\n        \n    <\/div>\n<\/div>\n<p><strong>Badehaus S \u2013 Unterach am Attersee, O\u00d6<\/strong><\/p>\n<p>Catharina Maul in Zusammenarbeit mit <a href=\"http:\/\/www.luger-maul.at\/unterach_badehaus_s.html\" target=\"_blank\" rel=\"noopener noreferrer\">Architekten Luger &amp; Maul<\/a><br \/>\nPlanung\u00a0\u00a0\u00a0\u00a0\u00a0\u00a0\u00a0\u00a0\u00a0\u00a0\u00a0\u00a0\u00a0\u00a0\u00a0\u00a0\u00a0 2009<br \/>\nBauausf\u00fchrung\u00a0\u00a0\u00a0\u00a0\u00a0\u00a0 2010<\/p>\n<p>Nominierung f\u00fcr den Award <a href=\"http:\/\/www.dasbestehaus.at\/dbh\/?sess=072da8845060407ea2cd0fe537b9b690&amp;id=39333\" target=\"_blank\" rel=\"noopener noreferrer\">Das Beste Haus 2011<\/a><\/p>\n<p>Auszug Projektbeschreibung Architekten Luger &amp; Maul<br \/>\nEine ehemalige kleine Zimmererwerkst\u00e4tte direkt am Ostufer des Attersees mit Blick auf H\u00f6llengebirge und Schafbergmassiv wurde unter Wahrung der Bauk\u00f6rperdimensionen f\u00fcr eine zeitgem\u00e4\u00dfe Nutzung als Bade- und Freizeithaus adaptiert. Es galt ein Blickfeld von Wasser und Landschaft ins Haus zu holen, das im Einklang mit den r\u00e4umlichen Strukturen des offenen zweigeschossigen Raumes steht. Eine Schicht aus senkrechtem Lattenwerk legt sich wie ein Kleid um den Bauk\u00f6rper und gibt mittels Klapp-, Falt- und Schiebemechanismen viel Raum f\u00fcr Ausblicke frei. Innenr\u00e4umlich teilt eine Galerie den hohen Hauptraum. Zur L\u00e4rmd\u00e4mmung wurde zur Stra\u00dfenseite eine geschlossene Wand mit einer Nebenraumspange situiert.<\/p>\n<p><span style=\"color: #999999;\">Bilder \u00a0\u00a0\u00a0\u00a0\u00a0\u00a0\u00a0\u00a0\u00a0\u00a0\u00a0\u00a0\u00a0\u00a0\u00a0\u00a0\u00a0 \u00a9 Edith Maul-R\u00f6der \/ Architekten Luger &amp; Maul<\/span><\/p>\n","protected":false},"excerpt":{"rendered":"<p>Badehaus S \u2013 Unterach am Attersee, O\u00d6 Catharina Maul in Zusammenarbeit mit Architekten Luger &amp; Maul Planung\u00a0\u00a0\u00a0\u00a0\u00a0\u00a0\u00a0\u00a0\u00a0\u00a0\u00a0\u00a0\u00a0\u00a0\u00a0\u00a0\u00a0 2009 Bauausf\u00fchrung\u00a0\u00a0\u00a0\u00a0\u00a0\u00a0 2010 Nominierung f\u00fcr den Award Das Beste Haus 2011 Auszug Projektbeschreibung Architekten Luger &amp; Maul Eine ehemalige kleine Zimmererwerkst\u00e4tte direkt am Ostufer des Attersees mit Blick auf H\u00f6llengebirge und Schafbergmassiv wurde unter Wahrung der Bauk\u00f6rperdimensionen f\u00fcr &hellip; <a href=\"https:\/\/maul-architekten.com\/?page_id=163\" class=\"more-link\"><span class=\"screen-reader-text\">Badehaus S \u2013 Unterach am Attersee, O\u00d6<\/span> weiterlesen<\/a><\/p>\n","protected":false},"author":1,"featured_media":310,"parent":0,"menu_order":0,"comment_status":"closed","ping_status":"closed","template":"","meta":{"footnotes":""},"class_list":["post-163","page","type-page","status-publish","has-post-thumbnail","hentry"],"_links":{"self":[{"href":"https:\/\/maul-architekten.com\/index.php?rest_route=\/wp\/v2\/pages\/163","targetHints":{"allow":["GET"]}}],"collection":[{"href":"https:\/\/maul-architekten.com\/index.php?rest_route=\/wp\/v2\/pages"}],"about":[{"href":"https:\/\/maul-architekten.com\/index.php?rest_route=\/wp\/v2\/types\/page"}],"author":[{"embeddable":true,"href":"https:\/\/maul-architekten.com\/index.php?rest_route=\/wp\/v2\/users\/1"}],"replies":[{"embeddable":true,"href":"https:\/\/maul-architekten.com\/index.php?rest_route=%2Fwp%2Fv2%2Fcomments&post=163"}],"version-history":[{"count":14,"href":"https:\/\/maul-architekten.com\/index.php?rest_route=\/wp\/v2\/pages\/163\/revisions"}],"predecessor-version":[{"id":2753,"href":"https:\/\/maul-architekten.com\/index.php?rest_route=\/wp\/v2\/pages\/163\/revisions\/2753"}],"wp:featuredmedia":[{"embeddable":true,"href":"https:\/\/maul-architekten.com\/index.php?rest_route=\/wp\/v2\/media\/310"}],"wp:attachment":[{"href":"https:\/\/maul-architekten.com\/index.php?rest_route=%2Fwp%2Fv2%2Fmedia&parent=163"}],"curies":[{"name":"wp","href":"https:\/\/api.w.org\/{rel}","templated":true}]}}