{"id":1569,"date":"2019-07-22T12:43:26","date_gmt":"2019-07-22T10:43:26","guid":{"rendered":"http:\/\/maul-architekten.com\/?page_id=1569"},"modified":"2020-05-31T19:48:58","modified_gmt":"2020-05-31T17:48:58","slug":"wbw-bg-brg-perchtoldsdorf","status":"publish","type":"page","link":"https:\/\/maul-architekten.com\/?page_id=1569","title":{"rendered":"wbw bg brg perchtoldsdorf"},"content":{"rendered":"<div id=\"metaslider-id-1574\" style=\"max-width: 1000px;\" class=\"ml-slider-3-109-0 metaslider metaslider-flex metaslider-1574 ml-slider ms-theme-default nav-hidden\" role=\"region\" aria-label=\"wbw bg brg pdorf\" data-height=\"667\" data-width=\"1000\">\n    <div id=\"metaslider_container_1574\">\n        <div id=\"metaslider_1574\">\n            <ul class='slides'>\n                <li style=\"display: block; width: 100%;\" class=\"slide-1592 ms-image \" aria-roledescription=\"slide\" data-date=\"2019-07-22 12:56:09\" data-filename=\"Perchtoldsdorf-Hof.jpg\" data-slide-type=\"image\"><img loading=\"lazy\" decoding=\"async\" width=\"4000\" height=\"2400\" src=\"https:\/\/maul-architekten.com\/wp-content\/uploads\/2019\/07\/Perchtoldsdorf-Hof.jpg\" class=\"slider-1574 slide-1592 msDefaultImage\" alt=\"\" rel=\"\" title=\"\" style=\"margin-top: 3.35%\" srcset=\"https:\/\/maul-architekten.com\/wp-content\/uploads\/2019\/07\/Perchtoldsdorf-Hof.jpg 4000w, https:\/\/maul-architekten.com\/wp-content\/uploads\/2019\/07\/Perchtoldsdorf-Hof-300x180.jpg 300w, https:\/\/maul-architekten.com\/wp-content\/uploads\/2019\/07\/Perchtoldsdorf-Hof-768x461.jpg 768w, https:\/\/maul-architekten.com\/wp-content\/uploads\/2019\/07\/Perchtoldsdorf-Hof-700x420.jpg 700w, https:\/\/maul-architekten.com\/wp-content\/uploads\/2019\/07\/Perchtoldsdorf-Hof-192x115.jpg 192w\" sizes=\"auto, (max-width: 4000px) 100vw, 4000px\" \/><\/li>\n                <li style=\"display: none; width: 100%;\" class=\"slide-1625 ms-image \" aria-roledescription=\"slide\" data-date=\"2019-07-22 13:38:58\" data-filename=\"hp-pictos_-2.jpg\" data-slide-type=\"image\"><img loading=\"lazy\" decoding=\"async\" width=\"4724\" height=\"3150\" src=\"https:\/\/maul-architekten.com\/wp-content\/uploads\/2019\/07\/hp-pictos_-2.jpg\" class=\"slider-1574 slide-1625 msDefaultImage\" alt=\"\" rel=\"\" title=\"\u00b4\" style=\"margin-top: 0.0096104995766268%\" srcset=\"https:\/\/maul-architekten.com\/wp-content\/uploads\/2019\/07\/hp-pictos_-2.jpg 4724w, https:\/\/maul-architekten.com\/wp-content\/uploads\/2019\/07\/hp-pictos_-2-300x200.jpg 300w, https:\/\/maul-architekten.com\/wp-content\/uploads\/2019\/07\/hp-pictos_-2-768x512.jpg 768w, https:\/\/maul-architekten.com\/wp-content\/uploads\/2019\/07\/hp-pictos_-2-700x467.jpg 700w, https:\/\/maul-architekten.com\/wp-content\/uploads\/2019\/07\/hp-pictos_-2-192x128.jpg 192w\" sizes=\"auto, (max-width: 4724px) 100vw, 4724px\" \/><\/li>\n                <li style=\"display: none; width: 100%;\" class=\"slide-1612 ms-image \" aria-roledescription=\"slide\" data-date=\"2019-07-22 13:26:04\" data-filename=\"hp-lageplan_-1.jpg\" data-slide-type=\"image\"><img loading=\"lazy\" decoding=\"async\" width=\"4724\" height=\"3150\" src=\"https:\/\/maul-architekten.com\/wp-content\/uploads\/2019\/07\/hp-lageplan_-1.jpg\" class=\"slider-1574 slide-1612 msDefaultImage\" alt=\"\" rel=\"\" title=\"\" style=\"margin-top: 0.0096104995766268%\" srcset=\"https:\/\/maul-architekten.com\/wp-content\/uploads\/2019\/07\/hp-lageplan_-1.jpg 4724w, https:\/\/maul-architekten.com\/wp-content\/uploads\/2019\/07\/hp-lageplan_-1-300x200.jpg 300w, https:\/\/maul-architekten.com\/wp-content\/uploads\/2019\/07\/hp-lageplan_-1-768x512.jpg 768w, https:\/\/maul-architekten.com\/wp-content\/uploads\/2019\/07\/hp-lageplan_-1-700x467.jpg 700w, https:\/\/maul-architekten.com\/wp-content\/uploads\/2019\/07\/hp-lageplan_-1-192x128.jpg 192w\" sizes=\"auto, (max-width: 4724px) 100vw, 4724px\" \/><\/li>\n                <li style=\"display: none; width: 100%;\" class=\"slide-1620 ms-image \" aria-roledescription=\"slide\" data-date=\"2019-07-22 13:29:08\" data-filename=\"hp-u1-1.jpg\" data-slide-type=\"image\"><img loading=\"lazy\" decoding=\"async\" width=\"4724\" height=\"3150\" src=\"https:\/\/maul-architekten.com\/wp-content\/uploads\/2019\/07\/hp-u1-1.jpg\" class=\"slider-1574 slide-1620 msDefaultImage\" alt=\"\" rel=\"\" title=\"\" style=\"margin-top: 0.0096104995766268%\" srcset=\"https:\/\/maul-architekten.com\/wp-content\/uploads\/2019\/07\/hp-u1-1.jpg 4724w, https:\/\/maul-architekten.com\/wp-content\/uploads\/2019\/07\/hp-u1-1-300x200.jpg 300w, https:\/\/maul-architekten.com\/wp-content\/uploads\/2019\/07\/hp-u1-1-768x512.jpg 768w, https:\/\/maul-architekten.com\/wp-content\/uploads\/2019\/07\/hp-u1-1-700x467.jpg 700w, https:\/\/maul-architekten.com\/wp-content\/uploads\/2019\/07\/hp-u1-1-192x128.jpg 192w\" sizes=\"auto, (max-width: 4724px) 100vw, 4724px\" \/><\/li>\n                <li style=\"display: none; width: 100%;\" class=\"slide-1616 ms-image \" aria-roledescription=\"slide\" data-date=\"2019-07-22 13:28:47\" data-filename=\"hp-e0-1.jpg\" data-slide-type=\"image\"><img loading=\"lazy\" decoding=\"async\" width=\"4724\" height=\"3150\" src=\"https:\/\/maul-architekten.com\/wp-content\/uploads\/2019\/07\/hp-e0-1.jpg\" class=\"slider-1574 slide-1616 msDefaultImage\" alt=\"\" rel=\"\" title=\"\" style=\"margin-top: 0.0096104995766268%\" srcset=\"https:\/\/maul-architekten.com\/wp-content\/uploads\/2019\/07\/hp-e0-1.jpg 4724w, https:\/\/maul-architekten.com\/wp-content\/uploads\/2019\/07\/hp-e0-1-300x200.jpg 300w, https:\/\/maul-architekten.com\/wp-content\/uploads\/2019\/07\/hp-e0-1-768x512.jpg 768w, https:\/\/maul-architekten.com\/wp-content\/uploads\/2019\/07\/hp-e0-1-700x467.jpg 700w, https:\/\/maul-architekten.com\/wp-content\/uploads\/2019\/07\/hp-e0-1-192x128.jpg 192w\" sizes=\"auto, (max-width: 4724px) 100vw, 4724px\" \/><\/li>\n                <li style=\"display: none; width: 100%;\" class=\"slide-1618 ms-image \" aria-roledescription=\"slide\" data-date=\"2019-07-22 13:28:58\" data-filename=\"hp-e1-1.jpg\" data-slide-type=\"image\"><img loading=\"lazy\" decoding=\"async\" width=\"4722\" height=\"3150\" src=\"https:\/\/maul-architekten.com\/wp-content\/uploads\/2019\/07\/hp-e1-1.jpg\" class=\"slider-1574 slide-1618 msDefaultImage\" alt=\"\" rel=\"\" title=\"\" style=\"margin: 0 auto; width: 99.986476190476%\" srcset=\"https:\/\/maul-architekten.com\/wp-content\/uploads\/2019\/07\/hp-e1-1.jpg 4722w, https:\/\/maul-architekten.com\/wp-content\/uploads\/2019\/07\/hp-e1-1-300x200.jpg 300w, https:\/\/maul-architekten.com\/wp-content\/uploads\/2019\/07\/hp-e1-1-768x512.jpg 768w, https:\/\/maul-architekten.com\/wp-content\/uploads\/2019\/07\/hp-e1-1-700x467.jpg 700w, https:\/\/maul-architekten.com\/wp-content\/uploads\/2019\/07\/hp-e1-1-192x128.jpg 192w\" sizes=\"auto, (max-width: 4722px) 100vw, 4722px\" \/><\/li>\n                <li style=\"display: none; width: 100%;\" class=\"slide-1598 ms-image \" aria-roledescription=\"slide\" data-date=\"2019-07-22 13:12:20\" data-filename=\"hp-ans.jpg\" data-slide-type=\"image\"><img loading=\"lazy\" decoding=\"async\" width=\"4724\" height=\"3151\" src=\"https:\/\/maul-architekten.com\/wp-content\/uploads\/2019\/07\/hp-ans.jpg\" class=\"slider-1574 slide-1598 msDefaultImage\" alt=\"\" rel=\"\" title=\"\" style=\"margin: 0 auto; width: 99.997080291971%\" srcset=\"https:\/\/maul-architekten.com\/wp-content\/uploads\/2019\/07\/hp-ans.jpg 4724w, https:\/\/maul-architekten.com\/wp-content\/uploads\/2019\/07\/hp-ans-300x200.jpg 300w, https:\/\/maul-architekten.com\/wp-content\/uploads\/2019\/07\/hp-ans-768x512.jpg 768w, https:\/\/maul-architekten.com\/wp-content\/uploads\/2019\/07\/hp-ans-700x467.jpg 700w, https:\/\/maul-architekten.com\/wp-content\/uploads\/2019\/07\/hp-ans-192x128.jpg 192w\" sizes=\"auto, (max-width: 4724px) 100vw, 4724px\" \/><\/li>\n                <li style=\"display: none; width: 100%;\" class=\"slide-1602 ms-image \" aria-roledescription=\"slide\" data-date=\"2019-07-22 13:12:58\" data-filename=\"hp-schn.jpg\" data-slide-type=\"image\"><img loading=\"lazy\" decoding=\"async\" width=\"4724\" height=\"3150\" src=\"https:\/\/maul-architekten.com\/wp-content\/uploads\/2019\/07\/hp-schn.jpg\" class=\"slider-1574 slide-1602 msDefaultImage\" alt=\"\" rel=\"\" title=\"\" style=\"margin-top: 0.0096104995766268%\" srcset=\"https:\/\/maul-architekten.com\/wp-content\/uploads\/2019\/07\/hp-schn.jpg 4724w, https:\/\/maul-architekten.com\/wp-content\/uploads\/2019\/07\/hp-schn-300x200.jpg 300w, https:\/\/maul-architekten.com\/wp-content\/uploads\/2019\/07\/hp-schn-768x512.jpg 768w, https:\/\/maul-architekten.com\/wp-content\/uploads\/2019\/07\/hp-schn-700x467.jpg 700w, https:\/\/maul-architekten.com\/wp-content\/uploads\/2019\/07\/hp-schn-192x128.jpg 192w\" sizes=\"auto, (max-width: 4724px) 100vw, 4724px\" \/><\/li>\n                <li style=\"display: none; width: 100%;\" class=\"slide-1594 ms-image \" aria-roledescription=\"slide\" data-date=\"2019-07-22 12:56:42\" data-filename=\"hp-funktionen-1.jpg\" data-slide-type=\"image\"><img loading=\"lazy\" decoding=\"async\" width=\"4724\" height=\"3150\" src=\"https:\/\/maul-architekten.com\/wp-content\/uploads\/2019\/07\/hp-funktionen-1.jpg\" class=\"slider-1574 slide-1594 msDefaultImage\" alt=\"\" rel=\"\" title=\"\" style=\"margin-top: 0.0096104995766268%\" srcset=\"https:\/\/maul-architekten.com\/wp-content\/uploads\/2019\/07\/hp-funktionen-1.jpg 4724w, https:\/\/maul-architekten.com\/wp-content\/uploads\/2019\/07\/hp-funktionen-1-300x200.jpg 300w, https:\/\/maul-architekten.com\/wp-content\/uploads\/2019\/07\/hp-funktionen-1-768x512.jpg 768w, https:\/\/maul-architekten.com\/wp-content\/uploads\/2019\/07\/hp-funktionen-1-700x467.jpg 700w, https:\/\/maul-architekten.com\/wp-content\/uploads\/2019\/07\/hp-funktionen-1-192x128.jpg 192w\" sizes=\"auto, (max-width: 4724px) 100vw, 4724px\" \/><\/li>\n            <\/ul>\n        <\/div>\n        \n    <\/div>\n<\/div>\n\n\n\n<p><strong>Wettbewerb BG BRG Perchtoldsdorf, N\u00d6 &nbsp; |&nbsp;&nbsp; 2. Preis<br><\/strong><\/p>\n\n\n\n<p>EU-weit offener Realisierungswettbewerb 2019<\/p>\n\n\n\n<p>Auszug Juryprotokoll<br>Das Projekt sieht Zubauten in Form eines Riegels parallel zur \u00f6stlichen  Grundgrenze und einer Aufdopplung des ostseitigen Fl\u00fcgels  beim Bestand vor. Dadurch entsteht eine sehr klare zusammenh\u00e4ngende Geb\u00e4udeform, in welcher Bestand und Zubau zu einer  Einheit verschmelzen. Der  Zugangshof wird gut gefasst. [..]. Der Haupteingang mit direkt  gegen\u00fcberliegendem Ausgang in den n\u00f6rdlichen  Freibereich wird vom Preisgericht besonders gew\u00fcrdigt. Die Erschlie\u00dfung in Form einer Magistrale mit Luftr\u00e4umen und offenen Stiegen ist sehr gro\u00dfz\u00fcgig und erm\u00f6glicht eine einfache Orientierung. Die Anordnung der Funktionsbereiche ist grunds\u00e4tzlich gut gel\u00f6st. [&#8230;] Das Preisgericht  w\u00fcrdigt die klare und einfache L\u00f6sung der Aufgabe in Grundriss und  Gestaltung. <\/p>\n\n\n\n<p class=\"has-text-color has-cyan-bluish-gray-color\">Rendering \u00a0\u00a0\u00a0\u00a0\u00a0\u00a0\u00a0 \u00a0\u00a0 \u00a9decorated shed | maul-architekten zt gmbh<br>Modell\u00a0\u00a0\u00a0\u00a0\u00a0\u00a0\u00a0\u00a0\u00a0\u00a0\u00a0\u00a0\u00a0\u00a0\u00a0 \u00a0mattweiss modellbau<\/p>\n","protected":false},"excerpt":{"rendered":"<p>Wettbewerb BG BRG Perchtoldsdorf, N\u00d6 &nbsp; |&nbsp;&nbsp; 2. Preis EU-weit offener Realisierungswettbewerb 2019 Auszug JuryprotokollDas Projekt sieht Zubauten in Form eines Riegels parallel zur \u00f6stlichen Grundgrenze und einer Aufdopplung des ostseitigen Fl\u00fcgels beim Bestand vor. Dadurch entsteht eine sehr klare zusammenh\u00e4ngende Geb\u00e4udeform, in welcher Bestand und Zubau zu einer Einheit verschmelzen. Der Zugangshof wird gut &hellip; <a href=\"https:\/\/maul-architekten.com\/?page_id=1569\" class=\"more-link\"><span class=\"screen-reader-text\">wbw bg brg perchtoldsdorf<\/span> weiterlesen<\/a><\/p>\n","protected":false},"author":1,"featured_media":1590,"parent":0,"menu_order":0,"comment_status":"closed","ping_status":"closed","template":"","meta":{"footnotes":""},"class_list":["post-1569","page","type-page","status-publish","has-post-thumbnail","hentry"],"_links":{"self":[{"href":"https:\/\/maul-architekten.com\/index.php?rest_route=\/wp\/v2\/pages\/1569","targetHints":{"allow":["GET"]}}],"collection":[{"href":"https:\/\/maul-architekten.com\/index.php?rest_route=\/wp\/v2\/pages"}],"about":[{"href":"https:\/\/maul-architekten.com\/index.php?rest_route=\/wp\/v2\/types\/page"}],"author":[{"embeddable":true,"href":"https:\/\/maul-architekten.com\/index.php?rest_route=\/wp\/v2\/users\/1"}],"replies":[{"embeddable":true,"href":"https:\/\/maul-architekten.com\/index.php?rest_route=%2Fwp%2Fv2%2Fcomments&post=1569"}],"version-history":[{"count":5,"href":"https:\/\/maul-architekten.com\/index.php?rest_route=\/wp\/v2\/pages\/1569\/revisions"}],"predecessor-version":[{"id":1884,"href":"https:\/\/maul-architekten.com\/index.php?rest_route=\/wp\/v2\/pages\/1569\/revisions\/1884"}],"wp:featuredmedia":[{"embeddable":true,"href":"https:\/\/maul-architekten.com\/index.php?rest_route=\/wp\/v2\/media\/1590"}],"wp:attachment":[{"href":"https:\/\/maul-architekten.com\/index.php?rest_route=%2Fwp%2Fv2%2Fmedia&parent=1569"}],"curies":[{"name":"wp","href":"https:\/\/api.w.org\/{rel}","templated":true}]}}