{"id":1467,"date":"2019-05-27T19:53:46","date_gmt":"2019-05-27T17:53:46","guid":{"rendered":"http:\/\/maul-architekten.com\/?page_id=1467"},"modified":"2022-07-05T15:53:47","modified_gmt":"2022-07-05T13:53:47","slug":"bootshaus-b","status":"publish","type":"page","link":"https:\/\/maul-architekten.com\/?page_id=1467","title":{"rendered":"Bootshaus B &#8211; Mondsee"},"content":{"rendered":"\n<div id=\"metaslider-id-1471\" style=\"max-width: 1000px;\" class=\"ml-slider-3-108-0 metaslider metaslider-flex metaslider-1471 ml-slider ms-theme-default nav-hidden\" role=\"region\" aria-label=\"bootshaus b - mondsee\" data-height=\"667\" data-width=\"1000\">\n    <div id=\"metaslider_container_1471\">\n        <div id=\"metaslider_1471\">\n            <ul class='slides'>\n                <li style=\"display: block; width: 100%;\" class=\"slide-1489 ms-image \" aria-roledescription=\"slide\" data-date=\"2019-06-17 10:20:35\" data-filename=\"Badehaus_B_fin_comp-1.jpg\" data-slide-type=\"image\"><img loading=\"lazy\" decoding=\"async\" width=\"3000\" height=\"2000\" src=\"https:\/\/maul-architekten.com\/wp-content\/uploads\/2019\/06\/Badehaus_B_fin_comp-1.jpg\" class=\"slider-1471 slide-1489 msDefaultImage\" alt=\"\" rel=\"\" title=\"\" style=\"margin-top: 0.016666666666669%\" srcset=\"https:\/\/maul-architekten.com\/wp-content\/uploads\/2019\/06\/Badehaus_B_fin_comp-1.jpg 3000w, https:\/\/maul-architekten.com\/wp-content\/uploads\/2019\/06\/Badehaus_B_fin_comp-1-300x200.jpg 300w, https:\/\/maul-architekten.com\/wp-content\/uploads\/2019\/06\/Badehaus_B_fin_comp-1-768x512.jpg 768w, https:\/\/maul-architekten.com\/wp-content\/uploads\/2019\/06\/Badehaus_B_fin_comp-1-700x467.jpg 700w, https:\/\/maul-architekten.com\/wp-content\/uploads\/2019\/06\/Badehaus_B_fin_comp-1-192x128.jpg 192w\" sizes=\"auto, (max-width: 3000px) 100vw, 3000px\" \/><\/li>\n                <li style=\"display: none; width: 100%;\" class=\"slide-1487 ms-image \" aria-roledescription=\"slide\" data-date=\"2019-06-17 10:20:13\" data-filename=\"Badehaus_B_fin_comp-3.jpg\" data-slide-type=\"image\"><img loading=\"lazy\" decoding=\"async\" width=\"3000\" height=\"2000\" src=\"https:\/\/maul-architekten.com\/wp-content\/uploads\/2019\/06\/Badehaus_B_fin_comp-3.jpg\" class=\"slider-1471 slide-1487 msDefaultImage\" alt=\"\" rel=\"\" title=\"\" style=\"margin-top: 0.016666666666669%\" srcset=\"https:\/\/maul-architekten.com\/wp-content\/uploads\/2019\/06\/Badehaus_B_fin_comp-3.jpg 3000w, https:\/\/maul-architekten.com\/wp-content\/uploads\/2019\/06\/Badehaus_B_fin_comp-3-300x200.jpg 300w, https:\/\/maul-architekten.com\/wp-content\/uploads\/2019\/06\/Badehaus_B_fin_comp-3-768x512.jpg 768w, https:\/\/maul-architekten.com\/wp-content\/uploads\/2019\/06\/Badehaus_B_fin_comp-3-700x467.jpg 700w, https:\/\/maul-architekten.com\/wp-content\/uploads\/2019\/06\/Badehaus_B_fin_comp-3-192x128.jpg 192w\" sizes=\"auto, (max-width: 3000px) 100vw, 3000px\" \/><\/li>\n                <li style=\"display: none; width: 100%;\" class=\"slide-1491 ms-image \" aria-roledescription=\"slide\" data-date=\"2019-06-17 10:20:57\" data-filename=\"Badehaus_B_fin_comp-5.jpg\" data-slide-type=\"image\"><img loading=\"lazy\" decoding=\"async\" width=\"3000\" height=\"2000\" src=\"https:\/\/maul-architekten.com\/wp-content\/uploads\/2019\/06\/Badehaus_B_fin_comp-5.jpg\" class=\"slider-1471 slide-1491 msDefaultImage\" alt=\"\" rel=\"\" title=\"\" style=\"margin-top: 0.016666666666669%\" srcset=\"https:\/\/maul-architekten.com\/wp-content\/uploads\/2019\/06\/Badehaus_B_fin_comp-5.jpg 3000w, https:\/\/maul-architekten.com\/wp-content\/uploads\/2019\/06\/Badehaus_B_fin_comp-5-300x200.jpg 300w, https:\/\/maul-architekten.com\/wp-content\/uploads\/2019\/06\/Badehaus_B_fin_comp-5-768x512.jpg 768w, https:\/\/maul-architekten.com\/wp-content\/uploads\/2019\/06\/Badehaus_B_fin_comp-5-700x467.jpg 700w, https:\/\/maul-architekten.com\/wp-content\/uploads\/2019\/06\/Badehaus_B_fin_comp-5-192x128.jpg 192w\" sizes=\"auto, (max-width: 3000px) 100vw, 3000px\" \/><\/li>\n                <li style=\"display: none; width: 100%;\" class=\"slide-1495 ms-image \" aria-roledescription=\"slide\" data-date=\"2019-06-17 10:21:56\" data-filename=\"Badehaus_B_fin_comp-13.jpg\" data-slide-type=\"image\"><img loading=\"lazy\" decoding=\"async\" width=\"3000\" height=\"2000\" src=\"https:\/\/maul-architekten.com\/wp-content\/uploads\/2019\/06\/Badehaus_B_fin_comp-13.jpg\" class=\"slider-1471 slide-1495 msDefaultImage\" alt=\"\" rel=\"\" title=\"\" style=\"margin-top: 0.016666666666669%\" srcset=\"https:\/\/maul-architekten.com\/wp-content\/uploads\/2019\/06\/Badehaus_B_fin_comp-13.jpg 3000w, https:\/\/maul-architekten.com\/wp-content\/uploads\/2019\/06\/Badehaus_B_fin_comp-13-300x200.jpg 300w, https:\/\/maul-architekten.com\/wp-content\/uploads\/2019\/06\/Badehaus_B_fin_comp-13-768x512.jpg 768w, https:\/\/maul-architekten.com\/wp-content\/uploads\/2019\/06\/Badehaus_B_fin_comp-13-700x467.jpg 700w, https:\/\/maul-architekten.com\/wp-content\/uploads\/2019\/06\/Badehaus_B_fin_comp-13-192x128.jpg 192w\" sizes=\"auto, (max-width: 3000px) 100vw, 3000px\" \/><\/li>\n                <li style=\"display: none; width: 100%;\" class=\"slide-1497 ms-image \" aria-roledescription=\"slide\" data-date=\"2019-06-17 10:22:16\" data-filename=\"Badehaus_B_fin_comp-11.jpg\" data-slide-type=\"image\"><img loading=\"lazy\" decoding=\"async\" width=\"3000\" height=\"2000\" src=\"https:\/\/maul-architekten.com\/wp-content\/uploads\/2019\/06\/Badehaus_B_fin_comp-11.jpg\" class=\"slider-1471 slide-1497 msDefaultImage\" alt=\"\" rel=\"\" title=\"\" style=\"margin-top: 0.016666666666669%\" srcset=\"https:\/\/maul-architekten.com\/wp-content\/uploads\/2019\/06\/Badehaus_B_fin_comp-11.jpg 3000w, https:\/\/maul-architekten.com\/wp-content\/uploads\/2019\/06\/Badehaus_B_fin_comp-11-300x200.jpg 300w, https:\/\/maul-architekten.com\/wp-content\/uploads\/2019\/06\/Badehaus_B_fin_comp-11-768x512.jpg 768w, https:\/\/maul-architekten.com\/wp-content\/uploads\/2019\/06\/Badehaus_B_fin_comp-11-700x467.jpg 700w, https:\/\/maul-architekten.com\/wp-content\/uploads\/2019\/06\/Badehaus_B_fin_comp-11-192x128.jpg 192w\" sizes=\"auto, (max-width: 3000px) 100vw, 3000px\" \/><\/li>\n                <li style=\"display: none; width: 100%;\" class=\"slide-1499 ms-image \" aria-roledescription=\"slide\" data-date=\"2019-06-17 10:22:34\" data-filename=\"Badehaus_B_fin_comp-17.jpg\" data-slide-type=\"image\"><img loading=\"lazy\" decoding=\"async\" width=\"3000\" height=\"2000\" src=\"https:\/\/maul-architekten.com\/wp-content\/uploads\/2019\/06\/Badehaus_B_fin_comp-17.jpg\" class=\"slider-1471 slide-1499 msDefaultImage\" alt=\"\" rel=\"\" title=\"\" style=\"margin-top: 0.016666666666669%\" srcset=\"https:\/\/maul-architekten.com\/wp-content\/uploads\/2019\/06\/Badehaus_B_fin_comp-17.jpg 3000w, https:\/\/maul-architekten.com\/wp-content\/uploads\/2019\/06\/Badehaus_B_fin_comp-17-300x200.jpg 300w, https:\/\/maul-architekten.com\/wp-content\/uploads\/2019\/06\/Badehaus_B_fin_comp-17-768x512.jpg 768w, https:\/\/maul-architekten.com\/wp-content\/uploads\/2019\/06\/Badehaus_B_fin_comp-17-700x467.jpg 700w, https:\/\/maul-architekten.com\/wp-content\/uploads\/2019\/06\/Badehaus_B_fin_comp-17-192x128.jpg 192w\" sizes=\"auto, (max-width: 3000px) 100vw, 3000px\" \/><\/li>\n                <li style=\"display: none; width: 100%;\" class=\"slide-1505 ms-image \" aria-roledescription=\"slide\" data-date=\"2019-06-17 10:31:38\" data-filename=\"Badehaus_B_fin_comp-76.jpg\" data-slide-type=\"image\"><img loading=\"lazy\" decoding=\"async\" width=\"1000\" height=\"667\" src=\"https:\/\/maul-architekten.com\/wp-content\/uploads\/2019\/11\/Badehaus_B_fin_comp-76.jpg\" class=\"slider-1471 slide-1505 msDefaultImage\" alt=\"\" rel=\"\" title=\"\" style=\"margin: 0 auto; width: 100%\" srcset=\"https:\/\/maul-architekten.com\/wp-content\/uploads\/2019\/11\/Badehaus_B_fin_comp-76.jpg 1000w, https:\/\/maul-architekten.com\/wp-content\/uploads\/2019\/11\/Badehaus_B_fin_comp-76-300x200.jpg 300w, https:\/\/maul-architekten.com\/wp-content\/uploads\/2019\/11\/Badehaus_B_fin_comp-76-768x512.jpg 768w, https:\/\/maul-architekten.com\/wp-content\/uploads\/2019\/11\/Badehaus_B_fin_comp-76-700x467.jpg 700w, https:\/\/maul-architekten.com\/wp-content\/uploads\/2019\/11\/Badehaus_B_fin_comp-76-192x128.jpg 192w\" sizes=\"auto, (max-width: 1000px) 100vw, 1000px\" \/><\/li>\n                <li style=\"display: none; width: 100%;\" class=\"slide-1526 ms-image \" aria-roledescription=\"slide\" data-date=\"2019-06-17 10:59:03\" data-filename=\"Badehaus_B_fin_comp-15-1.jpg\" data-slide-type=\"image\"><img loading=\"lazy\" decoding=\"async\" width=\"2954\" height=\"1971\" src=\"https:\/\/maul-architekten.com\/wp-content\/uploads\/2019\/06\/Badehaus_B_fin_comp-15-1.jpg\" class=\"slider-1471 slide-1526 msDefaultImage\" alt=\"\" rel=\"\" title=\"\" style=\"margin: 0 auto; width: 99.965398274987%\" srcset=\"https:\/\/maul-architekten.com\/wp-content\/uploads\/2019\/06\/Badehaus_B_fin_comp-15-1.jpg 2954w, https:\/\/maul-architekten.com\/wp-content\/uploads\/2019\/06\/Badehaus_B_fin_comp-15-1-300x200.jpg 300w, https:\/\/maul-architekten.com\/wp-content\/uploads\/2019\/06\/Badehaus_B_fin_comp-15-1-768x512.jpg 768w, https:\/\/maul-architekten.com\/wp-content\/uploads\/2019\/06\/Badehaus_B_fin_comp-15-1-700x467.jpg 700w, https:\/\/maul-architekten.com\/wp-content\/uploads\/2019\/06\/Badehaus_B_fin_comp-15-1-192x128.jpg 192w\" sizes=\"auto, (max-width: 2954px) 100vw, 2954px\" \/><\/li>\n                <li style=\"display: none; width: 100%;\" class=\"slide-1501 ms-image \" aria-roledescription=\"slide\" data-date=\"2019-06-17 10:22:49\" data-filename=\"Badehaus_B_fin_comp-16.jpg\" data-slide-type=\"image\"><img loading=\"lazy\" decoding=\"async\" width=\"3000\" height=\"2000\" src=\"https:\/\/maul-architekten.com\/wp-content\/uploads\/2019\/06\/Badehaus_B_fin_comp-16.jpg\" class=\"slider-1471 slide-1501 msDefaultImage\" alt=\"\" rel=\"\" title=\"\" style=\"margin-top: 0.016666666666669%\" srcset=\"https:\/\/maul-architekten.com\/wp-content\/uploads\/2019\/06\/Badehaus_B_fin_comp-16.jpg 3000w, https:\/\/maul-architekten.com\/wp-content\/uploads\/2019\/06\/Badehaus_B_fin_comp-16-300x200.jpg 300w, https:\/\/maul-architekten.com\/wp-content\/uploads\/2019\/06\/Badehaus_B_fin_comp-16-768x512.jpg 768w, https:\/\/maul-architekten.com\/wp-content\/uploads\/2019\/06\/Badehaus_B_fin_comp-16-700x467.jpg 700w, https:\/\/maul-architekten.com\/wp-content\/uploads\/2019\/06\/Badehaus_B_fin_comp-16-192x128.jpg 192w\" sizes=\"auto, (max-width: 3000px) 100vw, 3000px\" \/><\/li>\n                <li style=\"display: none; width: 100%;\" class=\"slide-1678 ms-image \" aria-roledescription=\"slide\" data-date=\"2020-01-14 21:22:36\" data-filename=\"Badehaus_B_fin_comp-14.jpg\" data-slide-type=\"image\"><img loading=\"lazy\" decoding=\"async\" width=\"1000\" height=\"667\" src=\"https:\/\/maul-architekten.com\/wp-content\/uploads\/2020\/01\/Badehaus_B_fin_comp-14.jpg\" class=\"slider-1471 slide-1678 msDefaultImage\" alt=\"\" rel=\"\" title=\"\" style=\"margin: 0 auto; width: 100%\" srcset=\"https:\/\/maul-architekten.com\/wp-content\/uploads\/2020\/01\/Badehaus_B_fin_comp-14.jpg 1000w, https:\/\/maul-architekten.com\/wp-content\/uploads\/2020\/01\/Badehaus_B_fin_comp-14-300x200.jpg 300w, https:\/\/maul-architekten.com\/wp-content\/uploads\/2020\/01\/Badehaus_B_fin_comp-14-700x467.jpg 700w, https:\/\/maul-architekten.com\/wp-content\/uploads\/2020\/01\/Badehaus_B_fin_comp-14-768x512.jpg 768w, https:\/\/maul-architekten.com\/wp-content\/uploads\/2020\/01\/Badehaus_B_fin_comp-14-192x128.jpg 192w\" sizes=\"auto, (max-width: 1000px) 100vw, 1000px\" \/><\/li>\n                <li style=\"display: none; width: 100%;\" class=\"slide-1473 ms-image \" aria-roledescription=\"slide\" data-date=\"2019-05-27 20:08:57\" data-filename=\"hp-lageplan.jpg\" data-slide-type=\"image\"><img loading=\"lazy\" decoding=\"async\" width=\"4724\" height=\"3150\" src=\"https:\/\/maul-architekten.com\/wp-content\/uploads\/2019\/05\/hp-lageplan.jpg\" class=\"slider-1471 slide-1473 msDefaultImage\" alt=\"\" rel=\"\" title=\"\" style=\"margin-top: 0.0096104995766268%\" srcset=\"https:\/\/maul-architekten.com\/wp-content\/uploads\/2019\/05\/hp-lageplan.jpg 4724w, https:\/\/maul-architekten.com\/wp-content\/uploads\/2019\/05\/hp-lageplan-300x200.jpg 300w, https:\/\/maul-architekten.com\/wp-content\/uploads\/2019\/05\/hp-lageplan-768x512.jpg 768w, https:\/\/maul-architekten.com\/wp-content\/uploads\/2019\/05\/hp-lageplan-700x467.jpg 700w, https:\/\/maul-architekten.com\/wp-content\/uploads\/2019\/05\/hp-lageplan-192x128.jpg 192w\" sizes=\"auto, (max-width: 4724px) 100vw, 4724px\" \/><\/li>\n                <li style=\"display: none; width: 100%;\" class=\"slide-1521 ms-image \" aria-roledescription=\"slide\" data-date=\"2019-06-17 10:52:27\" data-filename=\"vorher_sw.jpg\" data-slide-type=\"image\"><img loading=\"lazy\" decoding=\"async\" width=\"889\" height=\"593\" src=\"https:\/\/maul-architekten.com\/wp-content\/uploads\/2019\/06\/vorher_sw.jpg\" class=\"slider-1471 slide-1521 msDefaultImage\" alt=\"\" rel=\"\" title=\"\" style=\"margin: 0 auto; width: 99.993760539629%\" srcset=\"https:\/\/maul-architekten.com\/wp-content\/uploads\/2019\/06\/vorher_sw.jpg 889w, https:\/\/maul-architekten.com\/wp-content\/uploads\/2019\/06\/vorher_sw-300x200.jpg 300w, https:\/\/maul-architekten.com\/wp-content\/uploads\/2019\/06\/vorher_sw-768x512.jpg 768w, https:\/\/maul-architekten.com\/wp-content\/uploads\/2019\/06\/vorher_sw-700x467.jpg 700w, https:\/\/maul-architekten.com\/wp-content\/uploads\/2019\/06\/vorher_sw-192x128.jpg 192w\" sizes=\"auto, (max-width: 889px) 100vw, 889px\" \/><\/li>\n            <\/ul>\n        <\/div>\n        \n    <\/div>\n<\/div>\n\n\n\n<p><\/p>\n\n\n\n<p><strong>Sanierung Bootshaus B \u2013 Mondsee, O\u00d6<\/strong><\/p>\n\n\n\n<p>Die Aufgabenstellung bei diesem Projekt bestand darin, einen Bestandsbauk\u00f6rper in Form eines liegenden, im Wasser stehenden Kubus durch gezielte und pr\u00e4zise gesetzte Massnahmen in seiner Funktion und Aussagekraft zu ver\u00e4ndern und zu einem skulpturalen Element im Wasser auszuformen. Mittels einer stegartigen Br\u00fccke ist das Bootshaus mit dem Landhaus verbunden. Von diesem Br\u00fcckenniveau f\u00fchrt der Zugang in direkter Linie \u00fcber eine Treppe auf das Sonnendeck. Darunter am Wasser teilen sich Bootsgarage und die eingeschnittene Schwimmplattform die Fl\u00e4che. Materialtechnisch ist der gesamte K\u00f6rper mit astreinenL\u00e4rchenholzplatten bekleidet, welche durch ihre Verarbeitung das skulpturale Erscheinungsbild verst\u00e4rken.<br>Gelochte, hinterleuchtete Plattenelemente als Deckenbeplankung und Schiebeelemente als offenbare Trennung von Plattform und Bootsgarage zaubern im Dunkeln eine subtile Lichtstimmung \u00fcber dem Wasser.<\/p>\n\n\n\n<p>in Zusammenarbeit mit <a rel=\"noreferrer noopener\" aria-label=\"Architekten Luger &amp; Maul (\u00f6ffnet in neuem Tab)\" href=\"http:\/\/www.luger-maul.at\/\" target=\"_blank\">Architekten Luger &amp; Maul<\/a><br>Planung&nbsp;&nbsp;&nbsp;&nbsp;&nbsp;&nbsp;&nbsp;&nbsp;&nbsp;&nbsp;&nbsp;&nbsp;&nbsp;&nbsp;&nbsp;&nbsp; &nbsp; 2018<br>Bauausf\u00fchrung&nbsp;&nbsp;&nbsp; &nbsp;&nbsp;&nbsp;  2018 | 2019<\/p>\n\n\n\n<p class=\"has-cyan-bluish-gray-color has-text-color\">Bilder&nbsp;&nbsp;&nbsp;&nbsp;&nbsp;&nbsp;&nbsp;&nbsp;&nbsp;&nbsp;&nbsp;&nbsp;&nbsp;&nbsp;&nbsp;&nbsp;&nbsp;&nbsp; &nbsp;&nbsp; \u00a9lukas maul | <a rel=\"noreferrer noopener\" href=\"https:\/\/lukasmaul.at\/\" target=\"_blank\">lumagraphics<\/a><br><br> <\/p>\n","protected":false},"excerpt":{"rendered":"<p>Sanierung Bootshaus B \u2013 Mondsee, O\u00d6 Die Aufgabenstellung bei diesem Projekt bestand darin, einen Bestandsbauk\u00f6rper in Form eines liegenden, im Wasser stehenden Kubus durch gezielte und pr\u00e4zise gesetzte Massnahmen in seiner Funktion und Aussagekraft zu ver\u00e4ndern und zu einem skulpturalen Element im Wasser auszuformen. Mittels einer stegartigen Br\u00fccke ist das Bootshaus mit dem Landhaus verbunden. &hellip; <a href=\"https:\/\/maul-architekten.com\/?page_id=1467\" class=\"more-link\"><span class=\"screen-reader-text\">Bootshaus B &#8211; Mondsee<\/span> weiterlesen<\/a><\/p>\n","protected":false},"author":1,"featured_media":1474,"parent":0,"menu_order":0,"comment_status":"closed","ping_status":"closed","template":"","meta":{"footnotes":""},"class_list":["post-1467","page","type-page","status-publish","has-post-thumbnail","hentry"],"_links":{"self":[{"href":"https:\/\/maul-architekten.com\/index.php?rest_route=\/wp\/v2\/pages\/1467","targetHints":{"allow":["GET"]}}],"collection":[{"href":"https:\/\/maul-architekten.com\/index.php?rest_route=\/wp\/v2\/pages"}],"about":[{"href":"https:\/\/maul-architekten.com\/index.php?rest_route=\/wp\/v2\/types\/page"}],"author":[{"embeddable":true,"href":"https:\/\/maul-architekten.com\/index.php?rest_route=\/wp\/v2\/users\/1"}],"replies":[{"embeddable":true,"href":"https:\/\/maul-architekten.com\/index.php?rest_route=%2Fwp%2Fv2%2Fcomments&post=1467"}],"version-history":[{"count":21,"href":"https:\/\/maul-architekten.com\/index.php?rest_route=\/wp\/v2\/pages\/1467\/revisions"}],"predecessor-version":[{"id":2690,"href":"https:\/\/maul-architekten.com\/index.php?rest_route=\/wp\/v2\/pages\/1467\/revisions\/2690"}],"wp:featuredmedia":[{"embeddable":true,"href":"https:\/\/maul-architekten.com\/index.php?rest_route=\/wp\/v2\/media\/1474"}],"wp:attachment":[{"href":"https:\/\/maul-architekten.com\/index.php?rest_route=%2Fwp%2Fv2%2Fmedia&parent=1467"}],"curies":[{"name":"wp","href":"https:\/\/api.w.org\/{rel}","templated":true}]}}